{"id":1941,"date":"2019-12-05T13:34:09","date_gmt":"2019-12-05T13:34:09","guid":{"rendered":"https:\/\/www.visitselva.net\/?page_id=1941"},"modified":"2020-04-29T11:32:41","modified_gmt":"2020-04-29T11:32:41","slug":"comercos-museus","status":"publish","type":"page","link":"https:\/\/www.visitselva.net\/en\/businesses-museums\/","title":{"rendered":"COMER\u00c7OS &#8211; Museus"},"content":{"rendered":"<div data-elementor-type=\"wp-post\" data-elementor-id=\"1941\" class=\"elementor elementor-1941\" data-elementor-post-type=\"page\">\n\t\t\t\t\t\t<section class=\"elementor-section elementor-top-section elementor-element elementor-element-507b5663 elementor-section-boxed elementor-section-height-default elementor-section-height-default\" data-id=\"507b5663\" data-element_type=\"section\" data-settings=\"{&quot;background_background&quot;:&quot;classic&quot;,&quot;shape_divider_bottom&quot;:&quot;curve&quot;,&quot;shape_divider_bottom_negative&quot;:&quot;yes&quot;}\">\n\t\t\t\t\t\t\t<div class=\"elementor-background-overlay\"><\/div>\n\t\t\t\t\t\t<div class=\"elementor-shape elementor-shape-bottom\" aria-hidden=\"true\" data-negative=\"true\">\n\t\t\t<svg xmlns=\"http:\/\/www.w3.org\/2000\/svg\" viewbox=\"0 0 1000 100\" preserveaspectratio=\"none\">\n\t<path class=\"elementor-shape-fill\" d=\"M500,97C126.7,96.3,0.8,19.8,0,0v100l1000,0V1C1000,19.4,873.3,97.8,500,97z\"\/>\n<\/svg>\t\t<\/div>\n\t\t\t\t\t<div class=\"elementor-container elementor-column-gap-default\">\n\t\t\t\t\t<div class=\"elementor-column elementor-col-100 elementor-top-column elementor-element elementor-element-2e0a6237\" data-id=\"2e0a6237\" data-element_type=\"column\">\n\t\t\t<div class=\"elementor-widget-wrap elementor-element-populated\">\n\t\t\t\t\t\t<div class=\"elementor-element elementor-element-6c55eba7 elementor-widget elementor-widget-heading\" data-id=\"6c55eba7\" data-element_type=\"widget\" data-widget_type=\"heading.default\">\n\t\t\t\t<div class=\"elementor-widget-container\">\n\t\t\t\t\t<h2 class=\"elementor-heading-title elementor-size-default\">Businesses<\/h2>\t\t\t\t<\/div>\n\t\t\t\t<\/div>\n\t\t\t\t<div class=\"elementor-element elementor-element-54927a3c elementor-widget-divider--view-line elementor-widget elementor-widget-divider\" data-id=\"54927a3c\" data-element_type=\"widget\" data-widget_type=\"divider.default\">\n\t\t\t\t<div class=\"elementor-widget-container\">\n\t\t\t\t\t\t\t<div class=\"elementor-divider\">\n\t\t\t<span class=\"elementor-divider-separator\">\n\t\t\t\t\t\t<\/span>\n\t\t<\/div>\n\t\t\t\t\t\t<\/div>\n\t\t\t\t<\/div>\n\t\t\t\t<div class=\"elementor-element elementor-element-998ab56 elementor-widget elementor-widget-heading\" data-id=\"998ab56\" data-element_type=\"widget\" data-widget_type=\"heading.default\">\n\t\t\t\t<div class=\"elementor-widget-container\">\n\t\t\t\t\t<h2 class=\"elementor-heading-title elementor-size-default\">MUSEUMS<\/h2>\t\t\t\t<\/div>\n\t\t\t\t<\/div>\n\t\t\t\t\t<\/div>\n\t\t<\/div>\n\t\t\t\t\t<\/div>\n\t\t<\/section>\n\t\t\t\t<section class=\"elementor-section elementor-top-section elementor-element elementor-element-973ce7a elementor-section-full_width elementor-section-height-default elementor-section-height-default\" data-id=\"973ce7a\" data-element_type=\"section\" id=\"hotels-selva\">\n\t\t\t\t\t\t<div class=\"elementor-container elementor-column-gap-default\">\n\t\t\t\t\t<div class=\"elementor-column elementor-col-100 elementor-top-column elementor-element elementor-element-7aede11\" data-id=\"7aede11\" data-element_type=\"column\">\n\t\t\t<div class=\"elementor-widget-wrap elementor-element-populated\">\n\t\t\t\t\t\t<section class=\"elementor-section elementor-inner-section elementor-element elementor-element-94a2fcf elementor-section-boxed elementor-section-height-default elementor-section-height-default\" data-id=\"94a2fcf\" data-element_type=\"section\">\n\t\t\t\t\t\t<div class=\"elementor-container elementor-column-gap-default\">\n\t\t\t\t\t<div class=\"elementor-column elementor-col-50 elementor-inner-column elementor-element elementor-element-1e61243\" data-id=\"1e61243\" data-element_type=\"column\">\n\t\t\t<div class=\"elementor-widget-wrap elementor-element-populated\">\n\t\t\t\t\t\t<div class=\"elementor-element elementor-element-d541f12 elementor-widget elementor-widget-image\" data-id=\"d541f12\" data-element_type=\"widget\" data-widget_type=\"image.default\">\n\t\t\t\t<div class=\"elementor-widget-container\">\n\t\t\t\t\t\t\t\t\t\t\t\t\t\t\t<img decoding=\"async\" src=\"https:\/\/www.visitselva.net\/wp-content\/uploads\/elementor\/thumbs\/museo-kollflex-ovvnplsxmjr7t3gwb9xv5ju45h2zqiwyhw8npbgc1s.jpg\" title=\"\" alt=\"\" loading=\"lazy\" \/>\t\t\t\t\t\t\t\t\t\t\t\t\t\t\t<\/div>\n\t\t\t\t<\/div>\n\t\t\t\t<div class=\"elementor-element elementor-element-8947b6c elementor-widget elementor-widget-heading\" data-id=\"8947b6c\" data-element_type=\"widget\" data-widget_type=\"heading.default\">\n\t\t\t\t<div class=\"elementor-widget-container\">\n\t\t\t\t\t<h2 class=\"elementor-heading-title elementor-size-default\">DESCRIPTION<\/h2>\t\t\t\t<\/div>\n\t\t\t\t<\/div>\n\t\t\t\t<div class=\"elementor-element elementor-element-0a7278e elementor-widget elementor-widget-text-editor\" data-id=\"0a7278e\" data-element_type=\"widget\" data-widget_type=\"text-editor.default\">\n\t\t\t\t<div class=\"elementor-widget-container\">\n\t\t\t\t\t\t\t\t\t<p>Located at the foot of the Sierra de Tramuntana, declared World Heritage by the Unesco, on the way to the monastery of Lluc, in the small town of Selva where there are centuries-old tradition in the manufacture of footwear. The museum has the ideal location and environment, a prestigious shoe factory built in 1978 with the architectural design typical of the time. In our selection there are pieces of the origins of industrialization in the manufacture of Mallorcan footwear, selected from more than 1000 copies of their own collection and distributed identically to how they would be in a shoe factory at full capacity. We also have a chronological exhibition of footwear that begins with some pieces from 1927 to selected contemporary pieces.<\/p>\t\t\t\t\t\t\t\t<\/div>\n\t\t\t\t<\/div>\n\t\t\t\t<div class=\"elementor-element elementor-element-bc67e9f elementor-widget elementor-widget-heading\" data-id=\"bc67e9f\" data-element_type=\"widget\" data-widget_type=\"heading.default\">\n\t\t\t\t<div class=\"elementor-widget-container\">\n\t\t\t\t\t<h2 class=\"elementor-heading-title elementor-size-default\">CONTACT<\/h2>\t\t\t\t<\/div>\n\t\t\t\t<\/div>\n\t\t\t\t<div class=\"elementor-element elementor-element-f60f8b2 elementor-widget elementor-widget-text-editor\" data-id=\"f60f8b2\" data-element_type=\"widget\" data-widget_type=\"text-editor.default\">\n\t\t\t\t<div class=\"elementor-widget-container\">\n\t\t\t\t\t\t\t\t\t<p><strong>Address and Town:<\/strong> Lluc Rd., 47 SELVA (07313)<br \/><strong>Phone:<\/strong><a href=\"tel:+34971515734\"> +34 971 515 734<\/a><br \/><strong>E-mail: <\/strong>info@museodelcalzadoselva.com<br \/><strong>Web Page:<\/strong>\u00a0<a href=\"http:\/\/museodelcalzadoselva.com\/\" target=\"_blank\" rel=\"noopener\">www.museodelcalzadoselva.com<\/a><\/p>\t\t\t\t\t\t\t\t<\/div>\n\t\t\t\t<\/div>\n\t\t\t\t\t<\/div>\n\t\t<\/div>\n\t\t\t\t<div class=\"elementor-column elementor-col-50 elementor-inner-column elementor-element elementor-element-f39220f\" data-id=\"f39220f\" data-element_type=\"column\">\n\t\t\t<div class=\"elementor-widget-wrap elementor-element-populated\">\n\t\t\t\t\t\t<div class=\"elementor-element elementor-element-44e697f elementor-pagination-position-inside elementor-skin-carousel elementor-arrows-yes elementor-pagination-type-bullets elementor-widget elementor-widget-media-carousel\" data-id=\"44e697f\" data-element_type=\"widget\" data-settings=\"{&quot;slides_per_view&quot;:&quot;1&quot;,&quot;slides_to_scroll&quot;:&quot;1&quot;,&quot;skin&quot;:&quot;carousel&quot;,&quot;effect&quot;:&quot;slide&quot;,&quot;show_arrows&quot;:&quot;yes&quot;,&quot;pagination&quot;:&quot;bullets&quot;,&quot;speed&quot;:500,&quot;loop&quot;:&quot;yes&quot;,&quot;space_between&quot;:{&quot;unit&quot;:&quot;px&quot;,&quot;size&quot;:10,&quot;sizes&quot;:[]},&quot;space_between_tablet&quot;:{&quot;unit&quot;:&quot;px&quot;,&quot;size&quot;:10,&quot;sizes&quot;:[]},&quot;space_between_mobile&quot;:{&quot;unit&quot;:&quot;px&quot;,&quot;size&quot;:10,&quot;sizes&quot;:[]}}\" data-widget_type=\"media-carousel.default\">\n\t\t\t\t<div class=\"elementor-widget-container\">\n\t\t\t\t\t\t\t\t\t<div class=\"elementor-swiper\">\n\t\t\t\t\t<div class=\"elementor-main-swiper swiper\" role=\"region\" aria-roledescription=\"carousel\" aria-label=\"Diapositives\">\n\t\t\t\t<div class=\"swiper-wrapper\">\n\t\t\t\t\t\t\t\t\t\t\t<div class=\"swiper-slide\" role=\"group\" aria-roledescription=\"slide\">\n\t\t\t\t\t\t\t<a href=\"https:\/\/www.visitselva.net\/wp-content\/uploads\/2019\/12\/museo-kollflex-2.jpg\" data-elementor-open-lightbox=\"yes\" data-elementor-lightbox-slideshow=\"44e697f\" data-e-action-hash=\"#elementor-action%3Aaction%3Dlightbox%26settings%3DeyJpZCI6MjMzMCwidXJsIjoiaHR0cHM6XC9cL3d3dy52aXNpdHNlbHZhLm5ldFwvd3AtY29udGVudFwvdXBsb2Fkc1wvMjAxOVwvMTJcL211c2VvLWtvbGxmbGV4LTIuanBnIiwic2xpZGVzaG93IjoiNDRlNjk3ZiJ9\">\t\t<div class=\"elementor-carousel-image\" role=\"img\" aria-label=\"\" style=\"background-image: url(&#039;https:\/\/www.visitselva.net\/wp-content\/uploads\/2019\/12\/museo-kollflex-2.jpg&#039;)\">\n\n\t\t\t\n\t\t\t\t\t<\/div>\n\t\t\t\t\t<div class=\"elementor-carousel-image-overlay e-overlay-animation-fade\">\n\t\t\t\t<i class=\"fas fa-plus-circle\"><\/i>\t\t\t<\/div>\n\t\t\t<\/a>\t\t\t\t\t\t<\/div>\n\t\t\t\t\t\t\t\t\t<\/div>\n\t\t\t\t\t\t\t<\/div>\n\t\t\t\t<\/div>\n\t\t\t\t\t\t\t\t<\/div>\n\t\t\t\t<\/div>\n\t\t\t\t<div class=\"elementor-element elementor-element-0da2af6 elementor-align-left elementor-widget__width-initial elementor-widget-mobile__width-inherit elementor-widget elementor-widget-button\" data-id=\"0da2af6\" data-element_type=\"widget\" data-widget_type=\"button.default\">\n\t\t\t\t<div class=\"elementor-widget-container\">\n\t\t\t\t\t\t\t\t\t<div class=\"elementor-button-wrapper\">\n\t\t\t\t\t<a class=\"elementor-button elementor-button-link elementor-size-xs\" href=\"https:\/\/goo.gl\/maps\/ho5qfZmWGzYiCfpj8\" target=\"_blank\">\n\t\t\t\t\t\t<span class=\"elementor-button-content-wrapper\">\n\t\t\t\t\t\t<span class=\"elementor-button-icon\">\n\t\t\t\t<i aria-hidden=\"true\" class=\"fas fa-map-marker-alt\"><\/i>\t\t\t<\/span>\n\t\t\t\t\t\t\t\t\t<span class=\"elementor-button-text\">Directions<\/span>\n\t\t\t\t\t<\/span>\n\t\t\t\t\t<\/a>\n\t\t\t\t<\/div>\n\t\t\t\t\t\t\t\t<\/div>\n\t\t\t\t<\/div>\n\t\t\t\t\t<\/div>\n\t\t<\/div>\n\t\t\t\t\t<\/div>\n\t\t<\/section>\n\t\t\t\t\t<\/div>\n\t\t<\/div>\n\t\t\t\t\t<\/div>\n\t\t<\/section>\n\t\t\t\t<section class=\"elementor-section elementor-top-section elementor-element elementor-element-8c5c54e elementor-section-boxed elementor-section-height-default elementor-section-height-default\" data-id=\"8c5c54e\" data-element_type=\"section\">\n\t\t\t\t\t\t<div class=\"elementor-container elementor-column-gap-default\">\n\t\t\t\t\t<div class=\"elementor-column elementor-col-33 elementor-top-column elementor-element elementor-element-3addda7\" data-id=\"3addda7\" data-element_type=\"column\">\n\t\t\t<div class=\"elementor-widget-wrap elementor-element-populated\">\n\t\t\t\t\t\t<div class=\"elementor-element elementor-element-7bbcd79 elementor-view-default elementor-widget elementor-widget-icon\" data-id=\"7bbcd79\" data-element_type=\"widget\" data-widget_type=\"icon.default\">\n\t\t\t\t<div class=\"elementor-widget-container\">\n\t\t\t\t\t\t\t<div class=\"elementor-icon-wrapper\">\n\t\t\t<a class=\"elementor-icon\" href=\"https:\/\/www.visitselva.net\/en\/businesses-real-estate\/\">\n\t\t\t<i aria-hidden=\"true\" class=\"fas fa-arrow-alt-circle-left\"><\/i>\t\t\t<\/a>\n\t\t<\/div>\n\t\t\t\t\t\t<\/div>\n\t\t\t\t<\/div>\n\t\t\t\t\t<\/div>\n\t\t<\/div>\n\t\t\t\t<div class=\"elementor-column elementor-col-33 elementor-top-column elementor-element elementor-element-cb5bc51\" data-id=\"cb5bc51\" data-element_type=\"column\">\n\t\t\t<div class=\"elementor-widget-wrap elementor-element-populated\">\n\t\t\t\t\t\t<div class=\"elementor-element elementor-element-64296ba elementor-align-center elementor-mobile-align-center elementor-widget elementor-widget-button\" data-id=\"64296ba\" data-element_type=\"widget\" data-widget_type=\"button.default\">\n\t\t\t\t<div class=\"elementor-widget-container\">\n\t\t\t\t\t\t\t\t\t<div class=\"elementor-button-wrapper\">\n\t\t\t\t\t<a class=\"elementor-button elementor-button-link elementor-size-sm\" href=\"https:\/\/www.visitselva.net\/en\/businesses\/\">\n\t\t\t\t\t\t<span class=\"elementor-button-content-wrapper\">\n\t\t\t\t\t\t\t\t\t<span class=\"elementor-button-text\">Back to list<\/span>\n\t\t\t\t\t<\/span>\n\t\t\t\t\t<\/a>\n\t\t\t\t<\/div>\n\t\t\t\t\t\t\t\t<\/div>\n\t\t\t\t<\/div>\n\t\t\t\t\t<\/div>\n\t\t<\/div>\n\t\t\t\t<div class=\"elementor-column elementor-col-33 elementor-top-column elementor-element elementor-element-b2655a3\" data-id=\"b2655a3\" data-element_type=\"column\">\n\t\t\t<div class=\"elementor-widget-wrap elementor-element-populated\">\n\t\t\t\t\t\t<div class=\"elementor-element elementor-element-3926d5d elementor-view-default elementor-widget elementor-widget-icon\" data-id=\"3926d5d\" data-element_type=\"widget\" data-widget_type=\"icon.default\">\n\t\t\t\t<div class=\"elementor-widget-container\">\n\t\t\t\t\t\t\t<div class=\"elementor-icon-wrapper\">\n\t\t\t<a class=\"elementor-icon\" href=\"https:\/\/www.visitselva.net\/en\/businesses-cellars\/\">\n\t\t\t<i aria-hidden=\"true\" class=\"fas fa-arrow-alt-circle-right\"><\/i>\t\t\t<\/a>\n\t\t<\/div>\n\t\t\t\t\t\t<\/div>\n\t\t\t\t<\/div>\n\t\t\t\t\t<\/div>\n\t\t<\/div>\n\t\t\t\t\t<\/div>\n\t\t<\/section>\n\t\t\t\t<\/div>","protected":false},"excerpt":{"rendered":"<p>Comer\u00e7os MUSEUS DESCRIPCI\u00d3 Situat als peus de la Serra de Tramuntana, declarada Patrimoni mundial per la Unesco, de cam\u00ed a el monestir de Lluc, al petit poble de Selva on hi ha una tradici\u00f3 centen\u00e0ria en la confecci\u00f3 i manufactura de cal\u00e7at. El museu t\u00e9 l\u2019empla\u00e7ament i ambient ideal, una prestigiosa f\u00e0brica de sabates constru\u00efda [&hellip;]<\/p>","protected":false},"author":1,"featured_media":0,"parent":0,"menu_order":0,"comment_status":"closed","ping_status":"closed","template":"","meta":{"ocean_post_layout":"full-screen","ocean_both_sidebars_style":"","ocean_both_sidebars_content_width":0,"ocean_both_sidebars_sidebars_width":0,"ocean_sidebar":"0","ocean_second_sidebar":"0","ocean_disable_margins":"enable","ocean_add_body_class":"","ocean_shortcode_before_top_bar":"","ocean_shortcode_after_top_bar":"","ocean_shortcode_before_header":"","ocean_shortcode_after_header":"","ocean_has_shortcode":"","ocean_shortcode_after_title":"","ocean_shortcode_before_footer_widgets":"","ocean_shortcode_after_footer_widgets":"","ocean_shortcode_before_footer_bottom":"","ocean_shortcode_after_footer_bottom":"","ocean_display_top_bar":"default","ocean_display_header":"default","ocean_header_style":"","ocean_center_header_left_menu":"0","ocean_custom_header_template":"0","ocean_custom_logo":0,"ocean_custom_retina_logo":0,"ocean_custom_logo_max_width":0,"ocean_custom_logo_tablet_max_width":0,"ocean_custom_logo_mobile_max_width":0,"ocean_custom_logo_max_height":0,"ocean_custom_logo_tablet_max_height":0,"ocean_custom_logo_mobile_max_height":0,"ocean_header_custom_menu":"0","ocean_menu_typo_font_family":"0","ocean_menu_typo_font_subset":"","ocean_menu_typo_font_size":0,"ocean_menu_typo_font_size_tablet":0,"ocean_menu_typo_font_size_mobile":0,"ocean_menu_typo_font_size_unit":"px","ocean_menu_typo_font_weight":"","ocean_menu_typo_font_weight_tablet":"","ocean_menu_typo_font_weight_mobile":"","ocean_menu_typo_transform":"","ocean_menu_typo_transform_tablet":"","ocean_menu_typo_transform_mobile":"","ocean_menu_typo_line_height":0,"ocean_menu_typo_line_height_tablet":0,"ocean_menu_typo_line_height_mobile":0,"ocean_menu_typo_line_height_unit":"","ocean_menu_typo_spacing":0,"ocean_menu_typo_spacing_tablet":0,"ocean_menu_typo_spacing_mobile":0,"ocean_menu_typo_spacing_unit":"","ocean_menu_link_color":"","ocean_menu_link_color_hover":"","ocean_menu_link_color_active":"","ocean_menu_link_background":"","ocean_menu_link_hover_background":"","ocean_menu_link_active_background":"","ocean_menu_social_links_bg":"","ocean_menu_social_hover_links_bg":"","ocean_menu_social_links_color":"","ocean_menu_social_hover_links_color":"","ocean_disable_title":"on","ocean_disable_heading":"default","ocean_post_title":"contacte","ocean_post_subheading":"","ocean_post_title_style":"","ocean_post_title_background_color":"","ocean_post_title_background":0,"ocean_post_title_bg_image_position":"","ocean_post_title_bg_image_attachment":"","ocean_post_title_bg_image_repeat":"","ocean_post_title_bg_image_size":"","ocean_post_title_height":0,"ocean_post_title_bg_overlay":0.5,"ocean_post_title_bg_overlay_color":"","ocean_disable_breadcrumbs":"default","ocean_breadcrumbs_color":"","ocean_breadcrumbs_separator_color":"","ocean_breadcrumbs_links_color":"","ocean_breadcrumbs_links_hover_color":"","ocean_display_footer_widgets":"default","ocean_display_footer_bottom":"default","ocean_custom_footer_template":"0","footnotes":""},"class_list":["post-1941","page","type-page","status-publish","hentry","entry"],"yoast_head":"<!-- This site is optimized with the Yoast SEO plugin v26.0 - https:\/\/yoast.com\/wordpress\/plugins\/seo\/ -->\n<title>Visit Selva - Comer\u00e7os - Museus<\/title>\n<meta name=\"description\" content=\"L&#039;oportunitat de con\u00e8ixer directament de descendents l&#039;artesania, la ind\u00fastria, les eines i la cultura que s&#039;ha fet servir al llarg de la hist\u00f2ria en aquest\" \/>\n<meta name=\"robots\" content=\"index, follow, max-snippet:-1, max-image-preview:large, max-video-preview:-1\" \/>\n<link rel=\"canonical\" href=\"https:\/\/www.visitselva.net\/en\/businesses-museums\/\" \/>\n<meta property=\"og:locale\" content=\"en_GB\" \/>\n<meta property=\"og:type\" content=\"article\" \/>\n<meta property=\"og:title\" content=\"Visit Selva - Comer\u00e7os - Museus\" \/>\n<meta property=\"og:description\" content=\"L&#039;oportunitat de con\u00e8ixer directament de descendents l&#039;artesania, la ind\u00fastria, les eines i la cultura que s&#039;ha fet servir al llarg de la hist\u00f2ria en aquest\" \/>\n<meta property=\"og:url\" content=\"https:\/\/www.visitselva.net\/en\/businesses-museums\/\" \/>\n<meta property=\"og:site_name\" content=\"Visit Selva\" \/>\n<meta property=\"article:publisher\" content=\"https:\/\/www.facebook.com\/visitselva\/\" \/>\n<meta property=\"article:modified_time\" content=\"2020-04-29T11:32:41+00:00\" \/>\n<meta property=\"og:image\" content=\"https:\/\/www.visitselva.net\/wp-content\/uploads\/elementor\/thumbs\/museo-kollflex-oifs6er4mor8vbuliywn3cw5hqwxjzp3h99pd5m2o0.jpg\" \/>\n<meta name=\"twitter:card\" content=\"summary_large_image\" \/>\n<meta name=\"twitter:label1\" content=\"Estimated reading time\" \/>\n\t<meta name=\"twitter:data1\" content=\"1 minute\" \/>\n<script type=\"application\/ld+json\" class=\"yoast-schema-graph\">{\"@context\":\"https:\/\/schema.org\",\"@graph\":[{\"@type\":\"WebPage\",\"@id\":\"https:\/\/www.visitselva.net\/comercos-museus\/\",\"url\":\"https:\/\/www.visitselva.net\/comercos-museus\/\",\"name\":\"Visit Selva - Comer\u00e7os - Museus\",\"isPartOf\":{\"@id\":\"https:\/\/www.visitselva.net\/#website\"},\"primaryImageOfPage\":{\"@id\":\"https:\/\/www.visitselva.net\/comercos-museus\/#primaryimage\"},\"image\":{\"@id\":\"https:\/\/www.visitselva.net\/comercos-museus\/#primaryimage\"},\"thumbnailUrl\":\"https:\/\/www.visitselva.net\/wp-content\/uploads\/elementor\/thumbs\/museo-kollflex-oifs6er4mor8vbuliywn3cw5hqwxjzp3h99pd5m2o0.jpg\",\"datePublished\":\"2019-12-05T13:34:09+00:00\",\"dateModified\":\"2020-04-29T11:32:41+00:00\",\"description\":\"L'oportunitat de con\u00e8ixer directament de descendents l'artesania, la ind\u00fastria, les eines i la cultura que s'ha fet servir al llarg de la hist\u00f2ria en aquest\",\"breadcrumb\":{\"@id\":\"https:\/\/www.visitselva.net\/comercos-museus\/#breadcrumb\"},\"inLanguage\":\"en-GB\",\"potentialAction\":[{\"@type\":\"ReadAction\",\"target\":[\"https:\/\/www.visitselva.net\/comercos-museus\/\"]}]},{\"@type\":\"ImageObject\",\"inLanguage\":\"en-GB\",\"@id\":\"https:\/\/www.visitselva.net\/comercos-museus\/#primaryimage\",\"url\":\"https:\/\/www.visitselva.net\/wp-content\/uploads\/elementor\/thumbs\/museo-kollflex-oifs6er4mor8vbuliywn3cw5hqwxjzp3h99pd5m2o0.jpg\",\"contentUrl\":\"https:\/\/www.visitselva.net\/wp-content\/uploads\/elementor\/thumbs\/museo-kollflex-oifs6er4mor8vbuliywn3cw5hqwxjzp3h99pd5m2o0.jpg\"},{\"@type\":\"BreadcrumbList\",\"@id\":\"https:\/\/www.visitselva.net\/comercos-museus\/#breadcrumb\",\"itemListElement\":[{\"@type\":\"ListItem\",\"position\":1,\"name\":\"Portada\",\"item\":\"https:\/\/www.visitselva.net\/\"},{\"@type\":\"ListItem\",\"position\":2,\"name\":\"COMER\u00c7OS &#8211; Museus\"}]},{\"@type\":\"WebSite\",\"@id\":\"https:\/\/www.visitselva.net\/#website\",\"url\":\"https:\/\/www.visitselva.net\/\",\"name\":\"Visit Selva\",\"description\":\"Centre d&#039;informaci\u00f3 tur\u00edstica de Selva\",\"publisher\":{\"@id\":\"https:\/\/www.visitselva.net\/#organization\"},\"potentialAction\":[{\"@type\":\"SearchAction\",\"target\":{\"@type\":\"EntryPoint\",\"urlTemplate\":\"https:\/\/www.visitselva.net\/?s={search_term_string}\"},\"query-input\":{\"@type\":\"PropertyValueSpecification\",\"valueRequired\":true,\"valueName\":\"search_term_string\"}}],\"inLanguage\":\"en-GB\"},{\"@type\":\"Organization\",\"@id\":\"https:\/\/www.visitselva.net\/#organization\",\"name\":\"Visit Selva\",\"url\":\"https:\/\/www.visitselva.net\/\",\"logo\":{\"@type\":\"ImageObject\",\"inLanguage\":\"en-GB\",\"@id\":\"https:\/\/www.visitselva.net\/#\/schema\/logo\/image\/\",\"url\":\"https:\/\/www.visitselva.net\/wp-content\/uploads\/2019\/09\/logo-visit-selva.png\",\"contentUrl\":\"https:\/\/www.visitselva.net\/wp-content\/uploads\/2019\/09\/logo-visit-selva.png\",\"width\":416,\"height\":170,\"caption\":\"Visit Selva\"},\"image\":{\"@id\":\"https:\/\/www.visitselva.net\/#\/schema\/logo\/image\/\"},\"sameAs\":[\"https:\/\/www.facebook.com\/visitselva\/\",\"https:\/\/www.instagram.com\/visit_selva\/?hl=es\"]}]}<\/script>\n<!-- \/ Yoast SEO plugin. -->","yoast_head_json":{"title":"Visit Selva - Comer\u00e7os - Museus","description":"L'oportunitat de con\u00e8ixer directament de descendents l'artesania, la ind\u00fastria, les eines i la cultura que s'ha fet servir al llarg de la hist\u00f2ria en aquest","robots":{"index":"index","follow":"follow","max-snippet":"max-snippet:-1","max-image-preview":"max-image-preview:large","max-video-preview":"max-video-preview:-1"},"canonical":"https:\/\/www.visitselva.net\/en\/businesses-museums\/","og_locale":"en_GB","og_type":"article","og_title":"Visit Selva - Comer\u00e7os - Museus","og_description":"L'oportunitat de con\u00e8ixer directament de descendents l'artesania, la ind\u00fastria, les eines i la cultura que s'ha fet servir al llarg de la hist\u00f2ria en aquest","og_url":"https:\/\/www.visitselva.net\/en\/businesses-museums\/","og_site_name":"Visit Selva","article_publisher":"https:\/\/www.facebook.com\/visitselva\/","article_modified_time":"2020-04-29T11:32:41+00:00","og_image":[{"url":"https:\/\/www.visitselva.net\/wp-content\/uploads\/elementor\/thumbs\/museo-kollflex-oifs6er4mor8vbuliywn3cw5hqwxjzp3h99pd5m2o0.jpg","type":"","width":"","height":""}],"twitter_card":"summary_large_image","twitter_misc":{"Estimated reading time":"1 minute"},"schema":{"@context":"https:\/\/schema.org","@graph":[{"@type":"WebPage","@id":"https:\/\/www.visitselva.net\/comercos-museus\/","url":"https:\/\/www.visitselva.net\/comercos-museus\/","name":"Visit Selva - Comer\u00e7os - Museus","isPartOf":{"@id":"https:\/\/www.visitselva.net\/#website"},"primaryImageOfPage":{"@id":"https:\/\/www.visitselva.net\/comercos-museus\/#primaryimage"},"image":{"@id":"https:\/\/www.visitselva.net\/comercos-museus\/#primaryimage"},"thumbnailUrl":"https:\/\/www.visitselva.net\/wp-content\/uploads\/elementor\/thumbs\/museo-kollflex-oifs6er4mor8vbuliywn3cw5hqwxjzp3h99pd5m2o0.jpg","datePublished":"2019-12-05T13:34:09+00:00","dateModified":"2020-04-29T11:32:41+00:00","description":"L'oportunitat de con\u00e8ixer directament de descendents l'artesania, la ind\u00fastria, les eines i la cultura que s'ha fet servir al llarg de la hist\u00f2ria en aquest","breadcrumb":{"@id":"https:\/\/www.visitselva.net\/comercos-museus\/#breadcrumb"},"inLanguage":"en-GB","potentialAction":[{"@type":"ReadAction","target":["https:\/\/www.visitselva.net\/comercos-museus\/"]}]},{"@type":"ImageObject","inLanguage":"en-GB","@id":"https:\/\/www.visitselva.net\/comercos-museus\/#primaryimage","url":"https:\/\/www.visitselva.net\/wp-content\/uploads\/elementor\/thumbs\/museo-kollflex-oifs6er4mor8vbuliywn3cw5hqwxjzp3h99pd5m2o0.jpg","contentUrl":"https:\/\/www.visitselva.net\/wp-content\/uploads\/elementor\/thumbs\/museo-kollflex-oifs6er4mor8vbuliywn3cw5hqwxjzp3h99pd5m2o0.jpg"},{"@type":"BreadcrumbList","@id":"https:\/\/www.visitselva.net\/comercos-museus\/#breadcrumb","itemListElement":[{"@type":"ListItem","position":1,"name":"Portada","item":"https:\/\/www.visitselva.net\/"},{"@type":"ListItem","position":2,"name":"COMER\u00c7OS &#8211; Museus"}]},{"@type":"WebSite","@id":"https:\/\/www.visitselva.net\/#website","url":"https:\/\/www.visitselva.net\/","name":"Visit Selva","description":"Centre d&#039;informaci\u00f3 tur\u00edstica de Selva","publisher":{"@id":"https:\/\/www.visitselva.net\/#organization"},"potentialAction":[{"@type":"SearchAction","target":{"@type":"EntryPoint","urlTemplate":"https:\/\/www.visitselva.net\/?s={search_term_string}"},"query-input":{"@type":"PropertyValueSpecification","valueRequired":true,"valueName":"search_term_string"}}],"inLanguage":"en-GB"},{"@type":"Organization","@id":"https:\/\/www.visitselva.net\/#organization","name":"Visit Selva","url":"https:\/\/www.visitselva.net\/","logo":{"@type":"ImageObject","inLanguage":"en-GB","@id":"https:\/\/www.visitselva.net\/#\/schema\/logo\/image\/","url":"https:\/\/www.visitselva.net\/wp-content\/uploads\/2019\/09\/logo-visit-selva.png","contentUrl":"https:\/\/www.visitselva.net\/wp-content\/uploads\/2019\/09\/logo-visit-selva.png","width":416,"height":170,"caption":"Visit Selva"},"image":{"@id":"https:\/\/www.visitselva.net\/#\/schema\/logo\/image\/"},"sameAs":["https:\/\/www.facebook.com\/visitselva\/","https:\/\/www.instagram.com\/visit_selva\/?hl=es"]}]}},"_links":{"self":[{"href":"https:\/\/www.visitselva.net\/en\/wp-json\/wp\/v2\/pages\/1941","targetHints":{"allow":["GET"]}}],"collection":[{"href":"https:\/\/www.visitselva.net\/en\/wp-json\/wp\/v2\/pages"}],"about":[{"href":"https:\/\/www.visitselva.net\/en\/wp-json\/wp\/v2\/types\/page"}],"author":[{"embeddable":true,"href":"https:\/\/www.visitselva.net\/en\/wp-json\/wp\/v2\/users\/1"}],"replies":[{"embeddable":true,"href":"https:\/\/www.visitselva.net\/en\/wp-json\/wp\/v2\/comments?post=1941"}],"version-history":[{"count":16,"href":"https:\/\/www.visitselva.net\/en\/wp-json\/wp\/v2\/pages\/1941\/revisions"}],"predecessor-version":[{"id":2662,"href":"https:\/\/www.visitselva.net\/en\/wp-json\/wp\/v2\/pages\/1941\/revisions\/2662"}],"wp:attachment":[{"href":"https:\/\/www.visitselva.net\/en\/wp-json\/wp\/v2\/media?parent=1941"}],"curies":[{"name":"wp","href":"https:\/\/api.w.org\/{rel}","templated":true}]}}