{"id":232,"date":"2019-10-03T06:28:54","date_gmt":"2019-10-03T06:28:54","guid":{"rendered":"https:\/\/www.visitselva.net\/?page_id=232"},"modified":"2020-05-06T11:48:53","modified_gmt":"2020-05-06T11:48:53","slug":"politica-de-cookies","status":"publish","type":"page","link":"https:\/\/www.visitselva.net\/en\/cookies-policy\/","title":{"rendered":"Cookies Policy"},"content":{"rendered":"<div data-elementor-type=\"wp-post\" data-elementor-id=\"232\" class=\"elementor elementor-232\" data-elementor-post-type=\"page\">\n\t\t\t\t\t\t<section class=\"elementor-section elementor-top-section elementor-element elementor-element-3340d00 elementor-section-height-min-height elementor-section-boxed elementor-section-height-default elementor-section-items-middle\" data-id=\"3340d00\" data-element_type=\"section\" data-settings=\"{&quot;background_background&quot;:&quot;classic&quot;}\">\n\t\t\t\t\t\t<div class=\"elementor-container elementor-column-gap-default\">\n\t\t\t\t\t<div class=\"elementor-column elementor-col-100 elementor-top-column elementor-element elementor-element-b12df85\" data-id=\"b12df85\" data-element_type=\"column\">\n\t\t\t<div class=\"elementor-widget-wrap elementor-element-populated\">\n\t\t\t\t\t\t<div class=\"elementor-element elementor-element-8028c5b elementor-widget elementor-widget-heading\" data-id=\"8028c5b\" data-element_type=\"widget\" data-widget_type=\"heading.default\">\n\t\t\t\t<div class=\"elementor-widget-container\">\n\t\t\t\t\t<h1 class=\"elementor-heading-title elementor-size-default\">Cookies Policy<\/h1>\t\t\t\t<\/div>\n\t\t\t\t<\/div>\n\t\t\t\t\t<\/div>\n\t\t<\/div>\n\t\t\t\t\t<\/div>\n\t\t<\/section>\n\t\t\t\t<section class=\"elementor-section elementor-top-section elementor-element elementor-element-c5d4aa4 elementor-section-boxed elementor-section-height-default elementor-section-height-default\" data-id=\"c5d4aa4\" data-element_type=\"section\" data-settings=\"{&quot;background_background&quot;:&quot;classic&quot;}\">\n\t\t\t\t\t\t<div class=\"elementor-container elementor-column-gap-default\">\n\t\t\t\t\t<div class=\"elementor-column elementor-col-100 elementor-top-column elementor-element elementor-element-401d2d4\" data-id=\"401d2d4\" data-element_type=\"column\">\n\t\t\t<div class=\"elementor-widget-wrap elementor-element-populated\">\n\t\t\t\t\t\t<div class=\"elementor-element elementor-element-941e75a elementor-widget elementor-widget-spacer\" data-id=\"941e75a\" data-element_type=\"widget\" data-widget_type=\"spacer.default\">\n\t\t\t\t<div class=\"elementor-widget-container\">\n\t\t\t\t\t\t\t<div class=\"elementor-spacer\">\n\t\t\t<div class=\"elementor-spacer-inner\"><\/div>\n\t\t<\/div>\n\t\t\t\t\t\t<\/div>\n\t\t\t\t<\/div>\n\t\t\t\t<div class=\"elementor-element elementor-element-ddf5508 elementor-widget elementor-widget-heading\" data-id=\"ddf5508\" data-element_type=\"widget\" data-widget_type=\"heading.default\">\n\t\t\t\t<div class=\"elementor-widget-container\">\n\t\t\t\t\t<h3 class=\"elementor-heading-title elementor-size-default\">Cookies Policy and local storage<\/h3>\t\t\t\t<\/div>\n\t\t\t\t<\/div>\n\t\t\t\t<div class=\"elementor-element elementor-element-bbb2b7e elementor-widget elementor-widget-text-editor\" data-id=\"bbb2b7e\" data-element_type=\"widget\" data-widget_type=\"text-editor.default\">\n\t\t\t\t<div class=\"elementor-widget-container\">\n\t\t\t\t\t\t\t\t\t<p>According to the Law 34\/2002, of July 11, on Services of the Information Society and Electronic Commerce, we inform you that this website uses cookies to improve and optimize the user experience. Below you will find detailed information about what \u201ccookies\u201d are, what type this website uses, how to change the configuration of your cookies, and what happens if they are disabled.<\/p>\t\t\t\t\t\t\t\t<\/div>\n\t\t\t\t<\/div>\n\t\t\t\t<div class=\"elementor-element elementor-element-0834224 elementor-widget elementor-widget-heading\" data-id=\"0834224\" data-element_type=\"widget\" data-widget_type=\"heading.default\">\n\t\t\t\t<div class=\"elementor-widget-container\">\n\t\t\t\t\t<h3 class=\"elementor-heading-title elementor-size-default\">What are cookies and what do we use them for?<\/h3>\t\t\t\t<\/div>\n\t\t\t\t<\/div>\n\t\t\t\t<div class=\"elementor-element elementor-element-620ea9a elementor-widget elementor-widget-text-editor\" data-id=\"620ea9a\" data-element_type=\"widget\" data-widget_type=\"text-editor.default\">\n\t\t\t\t<div class=\"elementor-widget-container\">\n\t\t\t\t\t\t\t\t\t<p>A cookie or computer cookie is a small information file that is saved in the browser every time you visit our website.<br \/>The usefulness of cookies is to save the history of your activity to our website so that, when you visit it again, it can identify and configure the content based on your browsing habits and preferences.<br \/>A cookie is harmless and does not contain malicious or malicious code (for example viruses, Trojans, worms, etc.) that could spoil your terminal (computer, smartphone, tablet, etc.), but that implies a certain impact on your right to data protection because it collects information about you (browsing habits, identity, preferences, etc.).<\/p>\t\t\t\t\t\t\t\t<\/div>\n\t\t\t\t<\/div>\n\t\t\t\t<div class=\"elementor-element elementor-element-e4a1552 elementor-widget elementor-widget-heading\" data-id=\"e4a1552\" data-element_type=\"widget\" data-widget_type=\"heading.default\">\n\t\t\t\t<div class=\"elementor-widget-container\">\n\t\t\t\t\t<h3 class=\"elementor-heading-title elementor-size-default\">What information does a cookie store?<\/h3>\t\t\t\t<\/div>\n\t\t\t\t<\/div>\n\t\t\t\t<div class=\"elementor-element elementor-element-40808e6 elementor-widget elementor-widget-text-editor\" data-id=\"40808e6\" data-element_type=\"widget\" data-widget_type=\"text-editor.default\">\n\t\t\t\t<div class=\"elementor-widget-container\">\n\t\t\t\t\t\t\t\t\t<p>Cookies do not usually collect special categories of personal data (sensitive data). The data they keep has a technical nature, personal preferences, content personalization, etc.<\/p>\t\t\t\t\t\t\t\t<\/div>\n\t\t\t\t<\/div>\n\t\t\t\t<div class=\"elementor-element elementor-element-56e5261 elementor-widget elementor-widget-heading\" data-id=\"56e5261\" data-element_type=\"widget\" data-widget_type=\"heading.default\">\n\t\t\t\t<div class=\"elementor-widget-container\">\n\t\t\t\t\t<h3 class=\"elementor-heading-title elementor-size-default\">How many types of cookies are there?<\/h3>\t\t\t\t<\/div>\n\t\t\t\t<\/div>\n\t\t\t\t<div class=\"elementor-element elementor-element-d94a91a elementor-widget elementor-widget-text-editor\" data-id=\"d94a91a\" data-element_type=\"widget\" data-widget_type=\"text-editor.default\">\n\t\t\t\t<div class=\"elementor-widget-container\">\n\t\t\t\t\t\t\t\t\t<p>For all purposes, there are five types of cookies:<\/p><ul><li><strong>Technical cookies<\/strong><br \/>The most basic ones. They allow the user to browse a web page, platform or application and use the options or services it offers. For example to control traffic and data communication, identify the session, access parts of restricted access, remember the elements that make up an order, carry out the purchase process of an order, make the request for registration or participation in an event, use security elements while browsing, store content for the broadcast of videos or sound files or share content through social networks.<\/li><li><strong>Personalization cookies<\/strong><br \/>They are those that allow the user to access the service with some general characteristics, predefined based on a series of criteria in the user's terminal, such as the language, the type of browser through which it is accessed the service, the regional configuration from where it is accessed, etc.<\/li><li><strong>Analysis cookies<br \/><\/strong>They are the ones that allow the person in charge of the cookies to monitor and analyse the behaviour of the users of the websites to which they are linked. The information collected through this type of cookies is used in the measurement of the activity of the websites, application or platform and for the creation of user navigation profiles, in order to introduce improvements based on the analysis of the data of previous users.<\/li><li><strong>Advertising cookies<br \/><\/strong>They are the ones that allow the management, in the most efficient possible way, spaces for the advertisement that, intentionally, the person in charge has included in a web page, application or platform based on criteria such as the edited content or the frequency as announcements shown.<\/li><li><strong>Behavioural advertising cookies<br \/><\/strong>They are the ones that allow the management, in the most efficient way, of the advertising spaces that, intentionally, the person in charge has included in a website, application or platform. These cookies store information regarding user behaviour through the continuous observation of browsing habits, a fact that allows a specific profile to be developed when displaying advertising.<\/li><\/ul>\t\t\t\t\t\t\t\t<\/div>\n\t\t\t\t<\/div>\n\t\t\t\t<div class=\"elementor-element elementor-element-8d502f7 elementor-widget elementor-widget-heading\" data-id=\"8d502f7\" data-element_type=\"widget\" data-widget_type=\"heading.default\">\n\t\t\t\t<div class=\"elementor-widget-container\">\n\t\t\t\t\t<h3 class=\"elementor-heading-title elementor-size-default\">What are own and third-party cookies?<\/h3>\t\t\t\t<\/div>\n\t\t\t\t<\/div>\n\t\t\t\t<div class=\"elementor-element elementor-element-b885aec elementor-widget elementor-widget-text-editor\" data-id=\"b885aec\" data-element_type=\"widget\" data-widget_type=\"text-editor.default\">\n\t\t\t\t<div class=\"elementor-widget-container\">\n\t\t\t\t\t\t\t\t\t<ul><li><strong>Own cookies:<\/strong> They are those that are sent to the terminal equipment of the interested from a computer or domain managed by the publisher himself and from which the service requested by the user is provided.<\/li><li><strong>Third-party cookies:<\/strong> they are those that are sent to the user's terminal equipment from a computer or domain that is not managed by the publisher, but by another entity that processes the data obtained through cookies (services or external providers, such as Google).<\/li><\/ul><p align=\"justify\">The website uses both its own and third party cookies.<\/p>\t\t\t\t\t\t\t\t<\/div>\n\t\t\t\t<\/div>\n\t\t\t\t<div class=\"elementor-element elementor-element-a383c69 elementor-widget elementor-widget-heading\" data-id=\"a383c69\" data-element_type=\"widget\" data-widget_type=\"heading.default\">\n\t\t\t\t<div class=\"elementor-widget-container\">\n\t\t\t\t\t<h3 class=\"elementor-heading-title elementor-size-default\">What kind of cookies does our website save?<\/h3>\t\t\t\t<\/div>\n\t\t\t\t<\/div>\n\t\t\t\t<div class=\"elementor-element elementor-element-0dc25ee elementor-widget elementor-widget-text-editor\" data-id=\"0dc25ee\" data-element_type=\"widget\" data-widget_type=\"text-editor.default\">\n\t\t\t\t<div class=\"elementor-widget-container\">\n\t\t\t\t\t\t\t\t\t<p>Our website uses the following cookies:<\/p><p><strong>Technical cookies<br \/><\/strong><strong>Personalization cookies<\/strong><br \/><strong>Analysis cookies<br \/><\/strong><\/p>\t\t\t\t\t\t\t\t<\/div>\n\t\t\t\t<\/div>\n\t\t\t\t<div class=\"elementor-element elementor-element-5b620cc elementor-widget elementor-widget-heading\" data-id=\"5b620cc\" data-element_type=\"widget\" data-widget_type=\"heading.default\">\n\t\t\t\t<div class=\"elementor-widget-container\">\n\t\t\t\t\t<h3 class=\"elementor-heading-title elementor-size-default\">What can I do with cookies?<\/h3>\t\t\t\t<\/div>\n\t\t\t\t<\/div>\n\t\t\t\t<div class=\"elementor-element elementor-element-19eec47 elementor-widget elementor-widget-text-editor\" data-id=\"19eec47\" data-element_type=\"widget\" data-widget_type=\"text-editor.default\">\n\t\t\t\t<div class=\"elementor-widget-container\">\n\t\t\t\t\t\t\t\t\t<p>Cookies can be deleted, accepted or blocked, as desired.<br \/>If you wish, you can delete, accept or block cookies. It is only necessary to conveniently configure the web browser.<br \/>At any time you can prevent the installation of cookies (block them) on your computer using the corresponding browser option. But in this case, we cannot assure you that all the different functionalities of our website will work correctly.<\/p><p>Featured below, we provide the links to manage and block cookies depending on the browser you may use:<br \/><strong>Internet Explorer: <\/strong><a href=\"http:\/\/windows.microsoft.com\/es-xl\/internet-explorer\/delete-manage-cookies#ie=ie-10\" target=\"_blank\" rel=\"noopener\">http:\/\/windows.microsoft.com\/es-xl\/internet-explorer\/delete-manage-cookies#ie=ie-10<\/a><br \/><strong>FireFox: <\/strong><a href=\"https:\/\/support.mozilla.org\/en-US\/kb\/enhanced-tracking-protection-firefox-desktop\" target=\"_blank\" rel=\"noopener\">https:\/\/support.mozilla.org\/en-US\/kb\/enhanced-tracking-protection-firefox-desktop<\/a><br \/><strong>Chrome: <\/strong><a href=\"https:\/\/support.google.com\/chrome\/answer\/95647?co=GENIE.PlatformDesktop&amp;hl=en-GB\" target=\"_blank\" rel=\"noopener\">https:\/\/support.google.com\/chrome\/answer\/95647?co=GENIE.PlatformDesktop&amp;hl=en-GB<\/a><br \/><strong>Safari: <\/strong><a href=\"https:\/\/support.apple.com\/et-ee\/guide\/safari\/sfri11471\/mac\" target=\"_blank\" rel=\"noopener\">https:\/\/support.apple.com\/et-ee\/guide\/safari\/sfri11471\/mac<\/a><\/p>\t\t\t\t\t\t\t\t<\/div>\n\t\t\t\t<\/div>\n\t\t\t\t<div class=\"elementor-element elementor-element-4726520 elementor-widget elementor-widget-spacer\" data-id=\"4726520\" data-element_type=\"widget\" data-widget_type=\"spacer.default\">\n\t\t\t\t<div class=\"elementor-widget-container\">\n\t\t\t\t\t\t\t<div class=\"elementor-spacer\">\n\t\t\t<div class=\"elementor-spacer-inner\"><\/div>\n\t\t<\/div>\n\t\t\t\t\t\t<\/div>\n\t\t\t\t<\/div>\n\t\t\t\t\t<\/div>\n\t\t<\/div>\n\t\t\t\t\t<\/div>\n\t\t<\/section>\n\t\t\t\t<\/div>","protected":false},"excerpt":{"rendered":"<p>Pol\u00edtica de cookies Pol\u00edtica de cookies i emmagatzematge local Segons la Llei 34\/2002, d&#8217;11 de juliol, de Serveis de la Societat de la Informaci\u00f3 i Comer\u00e7 Electr\u00f2nic, l\u2019informem que aquest lloc web utilitza cookies per millorar i optimitzar l\u2019experi\u00e8ncia de l\u2019usuari. A continuaci\u00f3 trobareu informaci\u00f3 detallada sobre qu\u00e8 s\u00f3n les \u201ccookies\u201d, quina tipologia utilitza aquest [&hellip;]<\/p>","protected":false},"author":1,"featured_media":0,"parent":0,"menu_order":0,"comment_status":"closed","ping_status":"closed","template":"","meta":{"ocean_post_layout":"full-screen","ocean_both_sidebars_style":"","ocean_both_sidebars_content_width":0,"ocean_both_sidebars_sidebars_width":0,"ocean_sidebar":"0","ocean_second_sidebar":"0","ocean_disable_margins":"enable","ocean_add_body_class":"","ocean_shortcode_before_top_bar":"","ocean_shortcode_after_top_bar":"","ocean_shortcode_before_header":"","ocean_shortcode_after_header":"","ocean_has_shortcode":"","ocean_shortcode_after_title":"","ocean_shortcode_before_footer_widgets":"","ocean_shortcode_after_footer_widgets":"","ocean_shortcode_before_footer_bottom":"","ocean_shortcode_after_footer_bottom":"","ocean_display_top_bar":"default","ocean_display_header":"default","ocean_header_style":"","ocean_center_header_left_menu":"0","ocean_custom_header_template":"0","ocean_custom_logo":0,"ocean_custom_retina_logo":0,"ocean_custom_logo_max_width":0,"ocean_custom_logo_tablet_max_width":0,"ocean_custom_logo_mobile_max_width":0,"ocean_custom_logo_max_height":0,"ocean_custom_logo_tablet_max_height":0,"ocean_custom_logo_mobile_max_height":0,"ocean_header_custom_menu":"0","ocean_menu_typo_font_family":"0","ocean_menu_typo_font_subset":"","ocean_menu_typo_font_size":0,"ocean_menu_typo_font_size_tablet":0,"ocean_menu_typo_font_size_mobile":0,"ocean_menu_typo_font_size_unit":"px","ocean_menu_typo_font_weight":"","ocean_menu_typo_font_weight_tablet":"","ocean_menu_typo_font_weight_mobile":"","ocean_menu_typo_transform":"","ocean_menu_typo_transform_tablet":"","ocean_menu_typo_transform_mobile":"","ocean_menu_typo_line_height":0,"ocean_menu_typo_line_height_tablet":0,"ocean_menu_typo_line_height_mobile":0,"ocean_menu_typo_line_height_unit":"","ocean_menu_typo_spacing":0,"ocean_menu_typo_spacing_tablet":0,"ocean_menu_typo_spacing_mobile":0,"ocean_menu_typo_spacing_unit":"","ocean_menu_link_color":"","ocean_menu_link_color_hover":"","ocean_menu_link_color_active":"","ocean_menu_link_background":"","ocean_menu_link_hover_background":"","ocean_menu_link_active_background":"","ocean_menu_social_links_bg":"","ocean_menu_social_hover_links_bg":"","ocean_menu_social_links_color":"","ocean_menu_social_hover_links_color":"","ocean_disable_title":"default","ocean_disable_heading":"default","ocean_post_title":"","ocean_post_subheading":"","ocean_post_title_style":"","ocean_post_title_background_color":"","ocean_post_title_background":0,"ocean_post_title_bg_image_position":"","ocean_post_title_bg_image_attachment":"","ocean_post_title_bg_image_repeat":"","ocean_post_title_bg_image_size":"","ocean_post_title_height":0,"ocean_post_title_bg_overlay":0.5,"ocean_post_title_bg_overlay_color":"","ocean_disable_breadcrumbs":"default","ocean_breadcrumbs_color":"","ocean_breadcrumbs_separator_color":"","ocean_breadcrumbs_links_color":"","ocean_breadcrumbs_links_hover_color":"","ocean_display_footer_widgets":"default","ocean_display_footer_bottom":"default","ocean_custom_footer_template":"0","footnotes":""},"class_list":["post-232","page","type-page","status-publish","hentry","entry"],"yoast_head":"<!-- This site is optimized with the Yoast SEO plugin v26.0 - https:\/\/yoast.com\/wordpress\/plugins\/seo\/ -->\n<title>Visit Selva - Pol\u00edtica de cookies<\/title>\n<meta name=\"description\" content=\"Qu\u00e8 s\u00f3n les galetes (cookies) i per a qu\u00e8 les usam? \u00b7 Quina informaci\u00f3 guarda una galeta? \u00b7 Quants de tipus de cookies existeixen? \u00b7 Qu\u00e8 puc fer amb les\" \/>\n<meta name=\"robots\" content=\"index, follow, max-snippet:-1, max-image-preview:large, max-video-preview:-1\" \/>\n<link rel=\"canonical\" href=\"https:\/\/www.visitselva.net\/en\/cookies-policy\/\" \/>\n<meta property=\"og:locale\" content=\"en_GB\" \/>\n<meta property=\"og:type\" content=\"article\" \/>\n<meta property=\"og:title\" content=\"Visit Selva - Pol\u00edtica de cookies\" \/>\n<meta property=\"og:description\" content=\"Qu\u00e8 s\u00f3n les galetes (cookies) i per a qu\u00e8 les usam? \u00b7 Quina informaci\u00f3 guarda una galeta? \u00b7 Quants de tipus de cookies existeixen? \u00b7 Qu\u00e8 puc fer amb les\" \/>\n<meta property=\"og:url\" content=\"https:\/\/www.visitselva.net\/en\/cookies-policy\/\" \/>\n<meta property=\"og:site_name\" content=\"Visit Selva\" \/>\n<meta property=\"article:publisher\" content=\"https:\/\/www.facebook.com\/visitselva\/\" \/>\n<meta property=\"article:modified_time\" content=\"2020-05-06T11:48:53+00:00\" \/>\n<meta name=\"twitter:card\" content=\"summary_large_image\" \/>\n<meta name=\"twitter:label1\" content=\"Estimated reading time\" \/>\n\t<meta name=\"twitter:data1\" content=\"5 minutes\" \/>\n<script type=\"application\/ld+json\" class=\"yoast-schema-graph\">{\"@context\":\"https:\/\/schema.org\",\"@graph\":[{\"@type\":\"WebPage\",\"@id\":\"https:\/\/www.visitselva.net\/politica-de-cookies\/\",\"url\":\"https:\/\/www.visitselva.net\/politica-de-cookies\/\",\"name\":\"Visit Selva - Pol\u00edtica de cookies\",\"isPartOf\":{\"@id\":\"https:\/\/www.visitselva.net\/#website\"},\"datePublished\":\"2019-10-03T06:28:54+00:00\",\"dateModified\":\"2020-05-06T11:48:53+00:00\",\"description\":\"Qu\u00e8 s\u00f3n les galetes (cookies) i per a qu\u00e8 les usam? \u00b7 Quina informaci\u00f3 guarda una galeta? \u00b7 Quants de tipus de cookies existeixen? \u00b7 Qu\u00e8 puc fer amb les\",\"breadcrumb\":{\"@id\":\"https:\/\/www.visitselva.net\/politica-de-cookies\/#breadcrumb\"},\"inLanguage\":\"en-GB\",\"potentialAction\":[{\"@type\":\"ReadAction\",\"target\":[\"https:\/\/www.visitselva.net\/politica-de-cookies\/\"]}]},{\"@type\":\"BreadcrumbList\",\"@id\":\"https:\/\/www.visitselva.net\/politica-de-cookies\/#breadcrumb\",\"itemListElement\":[{\"@type\":\"ListItem\",\"position\":1,\"name\":\"Portada\",\"item\":\"https:\/\/www.visitselva.net\/\"},{\"@type\":\"ListItem\",\"position\":2,\"name\":\"Pol\u00edtica de cookies\"}]},{\"@type\":\"WebSite\",\"@id\":\"https:\/\/www.visitselva.net\/#website\",\"url\":\"https:\/\/www.visitselva.net\/\",\"name\":\"Visit Selva\",\"description\":\"Centre d&#039;informaci\u00f3 tur\u00edstica de Selva\",\"publisher\":{\"@id\":\"https:\/\/www.visitselva.net\/#organization\"},\"potentialAction\":[{\"@type\":\"SearchAction\",\"target\":{\"@type\":\"EntryPoint\",\"urlTemplate\":\"https:\/\/www.visitselva.net\/?s={search_term_string}\"},\"query-input\":{\"@type\":\"PropertyValueSpecification\",\"valueRequired\":true,\"valueName\":\"search_term_string\"}}],\"inLanguage\":\"en-GB\"},{\"@type\":\"Organization\",\"@id\":\"https:\/\/www.visitselva.net\/#organization\",\"name\":\"Visit Selva\",\"url\":\"https:\/\/www.visitselva.net\/\",\"logo\":{\"@type\":\"ImageObject\",\"inLanguage\":\"en-GB\",\"@id\":\"https:\/\/www.visitselva.net\/#\/schema\/logo\/image\/\",\"url\":\"https:\/\/www.visitselva.net\/wp-content\/uploads\/2019\/09\/logo-visit-selva.png\",\"contentUrl\":\"https:\/\/www.visitselva.net\/wp-content\/uploads\/2019\/09\/logo-visit-selva.png\",\"width\":416,\"height\":170,\"caption\":\"Visit Selva\"},\"image\":{\"@id\":\"https:\/\/www.visitselva.net\/#\/schema\/logo\/image\/\"},\"sameAs\":[\"https:\/\/www.facebook.com\/visitselva\/\",\"https:\/\/www.instagram.com\/visit_selva\/?hl=es\"]}]}<\/script>\n<!-- \/ Yoast SEO plugin. -->","yoast_head_json":{"title":"Visit Selva - Pol\u00edtica de cookies","description":"What are cookies and what do we use them for? \u00b7 What information does a cookie store? \u00b7 How many types of cookies are there? \u00b7 What can I do with the","robots":{"index":"index","follow":"follow","max-snippet":"max-snippet:-1","max-image-preview":"max-image-preview:large","max-video-preview":"max-video-preview:-1"},"canonical":"https:\/\/www.visitselva.net\/en\/cookies-policy\/","og_locale":"en_GB","og_type":"article","og_title":"Visit Selva - Pol\u00edtica de cookies","og_description":"Qu\u00e8 s\u00f3n les galetes (cookies) i per a qu\u00e8 les usam? \u00b7 Quina informaci\u00f3 guarda una galeta? \u00b7 Quants de tipus de cookies existeixen? \u00b7 Qu\u00e8 puc fer amb les","og_url":"https:\/\/www.visitselva.net\/en\/cookies-policy\/","og_site_name":"Visit Selva","article_publisher":"https:\/\/www.facebook.com\/visitselva\/","article_modified_time":"2020-05-06T11:48:53+00:00","twitter_card":"summary_large_image","twitter_misc":{"Estimated reading time":"5 minutes"},"schema":{"@context":"https:\/\/schema.org","@graph":[{"@type":"WebPage","@id":"https:\/\/www.visitselva.net\/politica-de-cookies\/","url":"https:\/\/www.visitselva.net\/politica-de-cookies\/","name":"Visit Selva - Pol\u00edtica de cookies","isPartOf":{"@id":"https:\/\/www.visitselva.net\/#website"},"datePublished":"2019-10-03T06:28:54+00:00","dateModified":"2020-05-06T11:48:53+00:00","description":"What are cookies and what do we use them for? \u00b7 What information does a cookie store? \u00b7 How many types of cookies are there? \u00b7 What can I do with the","breadcrumb":{"@id":"https:\/\/www.visitselva.net\/politica-de-cookies\/#breadcrumb"},"inLanguage":"en-GB","potentialAction":[{"@type":"ReadAction","target":["https:\/\/www.visitselva.net\/politica-de-cookies\/"]}]},{"@type":"BreadcrumbList","@id":"https:\/\/www.visitselva.net\/politica-de-cookies\/#breadcrumb","itemListElement":[{"@type":"ListItem","position":1,"name":"Portada","item":"https:\/\/www.visitselva.net\/"},{"@type":"ListItem","position":2,"name":"Pol\u00edtica de cookies"}]},{"@type":"WebSite","@id":"https:\/\/www.visitselva.net\/#website","url":"https:\/\/www.visitselva.net\/","name":"Visit Selva","description":"Centre d&#039;informaci\u00f3 tur\u00edstica de Selva","publisher":{"@id":"https:\/\/www.visitselva.net\/#organization"},"potentialAction":[{"@type":"SearchAction","target":{"@type":"EntryPoint","urlTemplate":"https:\/\/www.visitselva.net\/?s={search_term_string}"},"query-input":{"@type":"PropertyValueSpecification","valueRequired":true,"valueName":"search_term_string"}}],"inLanguage":"en-GB"},{"@type":"Organization","@id":"https:\/\/www.visitselva.net\/#organization","name":"Visit Selva","url":"https:\/\/www.visitselva.net\/","logo":{"@type":"ImageObject","inLanguage":"en-GB","@id":"https:\/\/www.visitselva.net\/#\/schema\/logo\/image\/","url":"https:\/\/www.visitselva.net\/wp-content\/uploads\/2019\/09\/logo-visit-selva.png","contentUrl":"https:\/\/www.visitselva.net\/wp-content\/uploads\/2019\/09\/logo-visit-selva.png","width":416,"height":170,"caption":"Visit Selva"},"image":{"@id":"https:\/\/www.visitselva.net\/#\/schema\/logo\/image\/"},"sameAs":["https:\/\/www.facebook.com\/visitselva\/","https:\/\/www.instagram.com\/visit_selva\/?hl=es"]}]}},"_links":{"self":[{"href":"https:\/\/www.visitselva.net\/en\/wp-json\/wp\/v2\/pages\/232","targetHints":{"allow":["GET"]}}],"collection":[{"href":"https:\/\/www.visitselva.net\/en\/wp-json\/wp\/v2\/pages"}],"about":[{"href":"https:\/\/www.visitselva.net\/en\/wp-json\/wp\/v2\/types\/page"}],"author":[{"embeddable":true,"href":"https:\/\/www.visitselva.net\/en\/wp-json\/wp\/v2\/users\/1"}],"replies":[{"embeddable":true,"href":"https:\/\/www.visitselva.net\/en\/wp-json\/wp\/v2\/comments?post=232"}],"version-history":[{"count":10,"href":"https:\/\/www.visitselva.net\/en\/wp-json\/wp\/v2\/pages\/232\/revisions"}],"predecessor-version":[{"id":2688,"href":"https:\/\/www.visitselva.net\/en\/wp-json\/wp\/v2\/pages\/232\/revisions\/2688"}],"wp:attachment":[{"href":"https:\/\/www.visitselva.net\/en\/wp-json\/wp\/v2\/media?parent=232"}],"curies":[{"name":"wp","href":"https:\/\/api.w.org\/{rel}","templated":true}]}}