{"id":241,"date":"2019-10-03T07:14:20","date_gmt":"2019-10-03T07:14:20","guid":{"rendered":"https:\/\/www.visitselva.net\/?page_id=241"},"modified":"2020-05-06T08:56:06","modified_gmt":"2020-05-06T08:56:06","slug":"avis-legal","status":"publish","type":"page","link":"https:\/\/www.visitselva.net\/en\/legal-notice\/","title":{"rendered":"Legal Notice"},"content":{"rendered":"<div data-elementor-type=\"wp-post\" data-elementor-id=\"241\" class=\"elementor elementor-241\" data-elementor-post-type=\"page\">\n\t\t\t\t\t\t<section class=\"elementor-section elementor-top-section elementor-element elementor-element-3340d00 elementor-section-height-min-height elementor-section-boxed elementor-section-height-default elementor-section-items-middle\" data-id=\"3340d00\" data-element_type=\"section\" data-settings=\"{&quot;background_background&quot;:&quot;classic&quot;}\">\n\t\t\t\t\t\t<div class=\"elementor-container elementor-column-gap-default\">\n\t\t\t\t\t<div class=\"elementor-column elementor-col-100 elementor-top-column elementor-element elementor-element-b12df85\" data-id=\"b12df85\" data-element_type=\"column\">\n\t\t\t<div class=\"elementor-widget-wrap elementor-element-populated\">\n\t\t\t\t\t\t<div class=\"elementor-element elementor-element-8028c5b elementor-widget elementor-widget-heading\" data-id=\"8028c5b\" data-element_type=\"widget\" data-widget_type=\"heading.default\">\n\t\t\t\t<div class=\"elementor-widget-container\">\n\t\t\t\t\t<h1 class=\"elementor-heading-title elementor-size-default\">Legal Notice<\/h1>\t\t\t\t<\/div>\n\t\t\t\t<\/div>\n\t\t\t\t\t<\/div>\n\t\t<\/div>\n\t\t\t\t\t<\/div>\n\t\t<\/section>\n\t\t\t\t<section class=\"elementor-section elementor-top-section elementor-element elementor-element-c5d4aa4 elementor-section-boxed elementor-section-height-default elementor-section-height-default\" data-id=\"c5d4aa4\" data-element_type=\"section\" data-settings=\"{&quot;background_background&quot;:&quot;classic&quot;}\">\n\t\t\t\t\t\t<div class=\"elementor-container elementor-column-gap-default\">\n\t\t\t\t\t<div class=\"elementor-column elementor-col-100 elementor-top-column elementor-element elementor-element-401d2d4\" data-id=\"401d2d4\" data-element_type=\"column\">\n\t\t\t<div class=\"elementor-widget-wrap elementor-element-populated\">\n\t\t\t\t\t\t<div class=\"elementor-element elementor-element-941e75a elementor-widget elementor-widget-spacer\" data-id=\"941e75a\" data-element_type=\"widget\" data-widget_type=\"spacer.default\">\n\t\t\t\t<div class=\"elementor-widget-container\">\n\t\t\t\t\t\t\t<div class=\"elementor-spacer\">\n\t\t\t<div class=\"elementor-spacer-inner\"><\/div>\n\t\t<\/div>\n\t\t\t\t\t\t<\/div>\n\t\t\t\t<\/div>\n\t\t\t\t<div class=\"elementor-element elementor-element-d92d352 elementor-widget elementor-widget-text-editor\" data-id=\"d92d352\" data-element_type=\"widget\" data-widget_type=\"text-editor.default\">\n\t\t\t\t<div class=\"elementor-widget-container\">\n\t\t\t\t\t\t\t\t\t<p>Information in compliance with the provisions of article 10 of the Law 34\/2002, of July 11, on services of the Information Society and Electronic Commerce (hereinafter, LSSI-CE), is reported in a precise way, unequivocally and expressly, both to the receivers of the service and to the competent bodies, of the following aspects related to the lender of the services of the information society.<\/p>\t\t\t\t\t\t\t\t<\/div>\n\t\t\t\t<\/div>\n\t\t\t\t<div class=\"elementor-element elementor-element-0834224 elementor-widget elementor-widget-heading\" data-id=\"0834224\" data-element_type=\"widget\" data-widget_type=\"heading.default\">\n\t\t\t\t<div class=\"elementor-widget-container\">\n\t\t\t\t\t<h3 class=\"elementor-heading-title elementor-size-default\">1. Identify and contact the web owner<\/h3>\t\t\t\t<\/div>\n\t\t\t\t<\/div>\n\t\t\t\t<div class=\"elementor-element elementor-element-620ea9a elementor-widget elementor-widget-text-editor\" data-id=\"620ea9a\" data-element_type=\"widget\" data-widget_type=\"text-editor.default\">\n\t\t\t\t<div class=\"elementor-widget-container\">\n\t\t\t\t\t\t\t\t\t<p>www.ajselva.net (from now on web), is owned by the SELVA TOWN HALL with address at Pla\u00e7a Major, 1 SELVA (07313), with CIF P0705800A, telephone (+34) 971515006 and email dpd@ajselva.net<\/p>\t\t\t\t\t\t\t\t<\/div>\n\t\t\t\t<\/div>\n\t\t\t\t<div class=\"elementor-element elementor-element-e4a1552 elementor-widget elementor-widget-heading\" data-id=\"e4a1552\" data-element_type=\"widget\" data-widget_type=\"heading.default\">\n\t\t\t\t<div class=\"elementor-widget-container\">\n\t\t\t\t\t<h3 class=\"elementor-heading-title elementor-size-default\">2. Scope of application<\/h3>\t\t\t\t<\/div>\n\t\t\t\t<\/div>\n\t\t\t\t<div class=\"elementor-element elementor-element-40808e6 elementor-widget elementor-widget-text-editor\" data-id=\"40808e6\" data-element_type=\"widget\" data-widget_type=\"text-editor.default\">\n\t\t\t\t<div class=\"elementor-widget-container\">\n\t\t\t\t\t\t\t\t\t<p>Browsing the website of the SELVA TOWNHALL implies assuming the condition of the user and the absolute acceptance of what is stated in this Legal Notice.<\/p>\t\t\t\t\t\t\t\t<\/div>\n\t\t\t\t<\/div>\n\t\t\t\t<div class=\"elementor-element elementor-element-ed0d690 elementor-widget elementor-widget-heading\" data-id=\"ed0d690\" data-element_type=\"widget\" data-widget_type=\"heading.default\">\n\t\t\t\t<div class=\"elementor-widget-container\">\n\t\t\t\t\t<h3 class=\"elementor-heading-title elementor-size-default\">3. Age<\/h3>\t\t\t\t<\/div>\n\t\t\t\t<\/div>\n\t\t\t\t<div class=\"elementor-element elementor-element-7a6559b elementor-widget elementor-widget-text-editor\" data-id=\"7a6559b\" data-element_type=\"widget\" data-widget_type=\"text-editor.default\">\n\t\t\t\t<div class=\"elementor-widget-container\">\n\t\t\t\t\t\t\t\t\t<p>We do not process data from children under fourteen on our website.<\/p>\t\t\t\t\t\t\t\t<\/div>\n\t\t\t\t<\/div>\n\t\t\t\t<div class=\"elementor-element elementor-element-1bc7e07 elementor-widget elementor-widget-heading\" data-id=\"1bc7e07\" data-element_type=\"widget\" data-widget_type=\"heading.default\">\n\t\t\t\t<div class=\"elementor-widget-container\">\n\t\t\t\t\t<h3 class=\"elementor-heading-title elementor-size-default\">4. Intellectual or industrial property<\/h3>\t\t\t\t<\/div>\n\t\t\t\t<\/div>\n\t\t\t\t<div class=\"elementor-element elementor-element-7a1919a elementor-widget elementor-widget-text-editor\" data-id=\"7a1919a\" data-element_type=\"widget\" data-widget_type=\"text-editor.default\">\n\t\t\t\t<div class=\"elementor-widget-container\">\n\t\t\t\t\t\t\t\t\t<p>The contents of the web, now texts, images, graphics, or source code, are protected by intellectual and industrial property rights.<br \/>Such content cannot, for example, be reproduced or transformed without the prior and explicit permission of the SELVA TOWN HALL. Users can access the contents and make authorized private copies as long as the reproduced elements are not subsequently transferred to third parties, installed on network servers, or subject to any type of exploitation.<\/p>\t\t\t\t\t\t\t\t<\/div>\n\t\t\t\t<\/div>\n\t\t\t\t<div class=\"elementor-element elementor-element-95e675a elementor-widget elementor-widget-heading\" data-id=\"95e675a\" data-element_type=\"widget\" data-widget_type=\"heading.default\">\n\t\t\t\t<div class=\"elementor-widget-container\">\n\t\t\t\t\t<h3 class=\"elementor-heading-title elementor-size-default\">5. Common rules for using the web<\/h3>\t\t\t\t<\/div>\n\t\t\t\t<\/div>\n\t\t\t\t<div class=\"elementor-element elementor-element-500cb50 elementor-widget elementor-widget-text-editor\" data-id=\"500cb50\" data-element_type=\"widget\" data-widget_type=\"text-editor.default\">\n\t\t\t\t<div class=\"elementor-widget-container\">\n\t\t\t\t\t\t\t\t\t<p>The user agrees to make use of the web according to the following rules:<\/p><ul><li>You will not publish commercial communications through the website.<\/li><li>It will not collect content or information from other users.<\/li><li>It will not load viruses or malicious code of any kind.<\/li><li>You will not request login information or access an account that belongs to another user.<\/li><li>It will not carry out illegal, deceptive, malicious, or discriminatory acts on the website, according to these conditions and to the Spanish legal system.<\/li><li>In general, it will not make acts that suppose damages or injuries of the rights of third parties.<\/li><\/ul><p>The SELVA TOWN HALL may remove any content or suspend the service if, in its sole discretion, fails to comply with any of the rules and obligations described in this Legal Notice.<\/p><p>For any query or clarification about these rules, you can contact us via email.<\/p>\t\t\t\t\t\t\t\t<\/div>\n\t\t\t\t<\/div>\n\t\t\t\t<div class=\"elementor-element elementor-element-cdf1286 elementor-widget elementor-widget-heading\" data-id=\"cdf1286\" data-element_type=\"widget\" data-widget_type=\"heading.default\">\n\t\t\t\t<div class=\"elementor-widget-container\">\n\t\t\t\t\t<h3 class=\"elementor-heading-title elementor-size-default\">6. Links and limitation of liability<\/h3>\t\t\t\t<\/div>\n\t\t\t\t<\/div>\n\t\t\t\t<div class=\"elementor-element elementor-element-91f1cd8 elementor-widget elementor-widget-text-editor\" data-id=\"91f1cd8\" data-element_type=\"widget\" data-widget_type=\"text-editor.default\">\n\t\t\t\t<div class=\"elementor-widget-container\">\n\t\t\t\t\t\t\t\t\t<p>The establishment of a hyperlink does not imply in any case the existence of relationships between the owner and the owner of the website to which it is established, nor the acceptance and proof by the SELVA TOWN HALL, its contents or services.<br \/>Those people who intend to establish a hyperlink must previously request a writing authorization from the SELVA TOWN HALL. In any case, the hyperlink will only allow access to the home page of our website. Likewise, you must refrain from making false, inaccurate or incorrect statements or indications about the owner, or include illegal content, contrary to good customs and public order.<br \/>The SELVA TOWN HALL is not responsible for the use that each user gives to the materials made available on this website, nor for the actions carried out based on them. The content of the website is general and merely informative.<br \/>The SELVA TOWN HALL will not assume responsibility for the content or operation of third party websites that the user of the website can access through any type of link.<br \/>The SELVA TOWN HALL declines any responsibility, to the extent permitted by law, for damages derived from the presence of viruses, from the actions of third parties that violate property rights, honor, privacy, or illicit advertising.<br \/>If any user or third party considers that any type of illegal activity is being committed on the website, they must send a communication to the SELVA TOWN HALL at the email address that appears in our identification data. It must be properly identified, specifying the facts that it denounces.<\/p>\t\t\t\t\t\t\t\t<\/div>\n\t\t\t\t<\/div>\n\t\t\t\t<div class=\"elementor-element elementor-element-5e75b27 elementor-widget elementor-widget-heading\" data-id=\"5e75b27\" data-element_type=\"widget\" data-widget_type=\"heading.default\">\n\t\t\t\t<div class=\"elementor-widget-container\">\n\t\t\t\t\t<h3 class=\"elementor-heading-title elementor-size-default\">7. Privacy<\/h3>\t\t\t\t<\/div>\n\t\t\t\t<\/div>\n\t\t\t\t<div class=\"elementor-element elementor-element-8db0b22 elementor-widget elementor-widget-text-editor\" data-id=\"8db0b22\" data-element_type=\"widget\" data-widget_type=\"text-editor.default\">\n\t\t\t\t<div class=\"elementor-widget-container\">\n\t\t\t\t\t\t\t\t\t<p>If personal data is collected on the website, the SELVA TOWN HALL will be responsible for it and will treat it with absolute confidentiality and security. You can find more information on our privacy and cookie policy. <a href=\"https:\/\/www.visitselva.net\/en\/privacy-policy\/\">pol\u00edtica de privacitat<\/a> i <a href=\"https:\/\/www.visitselva.net\/en\/cookies-policy\/\">pol\u00edtica de galetes<\/a>.<\/p>\t\t\t\t\t\t\t\t<\/div>\n\t\t\t\t<\/div>\n\t\t\t\t<div class=\"elementor-element elementor-element-8b892fa elementor-widget elementor-widget-heading\" data-id=\"8b892fa\" data-element_type=\"widget\" data-widget_type=\"heading.default\">\n\t\t\t\t<div class=\"elementor-widget-container\">\n\t\t\t\t\t<h3 class=\"elementor-heading-title elementor-size-default\">8. Modifications<\/h3>\t\t\t\t<\/div>\n\t\t\t\t<\/div>\n\t\t\t\t<div class=\"elementor-element elementor-element-3ef81ce elementor-widget elementor-widget-text-editor\" data-id=\"3ef81ce\" data-element_type=\"widget\" data-widget_type=\"text-editor.default\">\n\t\t\t\t<div class=\"elementor-widget-container\">\n\t\t\t\t\t\t\t\t\t<p>The SELVA TOWN HALL reserves the right to make the modifications it considers appropriate, without prior notice, to the content on its website. Both in terms of the contents on the website, as in the conditions of use thereof, or in the general contracting conditions. These modifications may be made through its website by any legally admissible form and will be binding during the time they are published on the website and until they are validly modified by subsequent ones.<\/p>\t\t\t\t\t\t\t\t<\/div>\n\t\t\t\t<\/div>\n\t\t\t\t<div class=\"elementor-element elementor-element-cf83794 elementor-widget elementor-widget-heading\" data-id=\"cf83794\" data-element_type=\"widget\" data-widget_type=\"heading.default\">\n\t\t\t\t<div class=\"elementor-widget-container\">\n\t\t\t\t\t<h3 class=\"elementor-heading-title elementor-size-default\">9. Applicable legislation, resolution of controversial issues and competent forum<\/h3>\t\t\t\t<\/div>\n\t\t\t\t<\/div>\n\t\t\t\t<div class=\"elementor-element elementor-element-786b8c5 elementor-widget elementor-widget-text-editor\" data-id=\"786b8c5\" data-element_type=\"widget\" data-widget_type=\"text-editor.default\">\n\t\t\t\t<div class=\"elementor-widget-container\">\n\t\t\t\t\t\t\t\t\t<p>The use of the website will be governed by the Spanish law. Any controversy that arises or is related to the use of the website, will be submitted to the non-exclusive jurisdiction of the courts and tribunals of the county where the registered office of the SELVA TOWN HALL.<\/p>\t\t\t\t\t\t\t\t<\/div>\n\t\t\t\t<\/div>\n\t\t\t\t<div class=\"elementor-element elementor-element-af74c2c elementor-widget elementor-widget-spacer\" data-id=\"af74c2c\" data-element_type=\"widget\" data-widget_type=\"spacer.default\">\n\t\t\t\t<div class=\"elementor-widget-container\">\n\t\t\t\t\t\t\t<div class=\"elementor-spacer\">\n\t\t\t<div class=\"elementor-spacer-inner\"><\/div>\n\t\t<\/div>\n\t\t\t\t\t\t<\/div>\n\t\t\t\t<\/div>\n\t\t\t\t\t<\/div>\n\t\t<\/div>\n\t\t\t\t\t<\/div>\n\t\t<\/section>\n\t\t\t\t<\/div>","protected":false},"excerpt":{"rendered":"<p>Av\u00eds legal Informaci\u00f3 en compliment de l\u2019establert a l\u2019article 10 de la Llei 34\/2002, d\u201911 de juliol, de serveis de la Societat de la Informaci\u00f3 i de Comer\u00e7 Electr\u00f2nic (en endavant, LSSI-CE), s\u2019informa d\u2019una manera precisa, inequ\u00edvoca i expressament, tant als destinataris del servei com als \u00f2rgans competents, dels seg\u00fcents aspectes relatius al prestador dels [&hellip;]<\/p>","protected":false},"author":1,"featured_media":0,"parent":0,"menu_order":0,"comment_status":"closed","ping_status":"closed","template":"","meta":{"ocean_post_layout":"full-screen","ocean_both_sidebars_style":"","ocean_both_sidebars_content_width":0,"ocean_both_sidebars_sidebars_width":0,"ocean_sidebar":"0","ocean_second_sidebar":"0","ocean_disable_margins":"enable","ocean_add_body_class":"","ocean_shortcode_before_top_bar":"","ocean_shortcode_after_top_bar":"","ocean_shortcode_before_header":"","ocean_shortcode_after_header":"","ocean_has_shortcode":"","ocean_shortcode_after_title":"","ocean_shortcode_before_footer_widgets":"","ocean_shortcode_after_footer_widgets":"","ocean_shortcode_before_footer_bottom":"","ocean_shortcode_after_footer_bottom":"","ocean_display_top_bar":"default","ocean_display_header":"default","ocean_header_style":"","ocean_center_header_left_menu":"0","ocean_custom_header_template":"0","ocean_custom_logo":0,"ocean_custom_retina_logo":0,"ocean_custom_logo_max_width":0,"ocean_custom_logo_tablet_max_width":0,"ocean_custom_logo_mobile_max_width":0,"ocean_custom_logo_max_height":0,"ocean_custom_logo_tablet_max_height":0,"ocean_custom_logo_mobile_max_height":0,"ocean_header_custom_menu":"0","ocean_menu_typo_font_family":"0","ocean_menu_typo_font_subset":"","ocean_menu_typo_font_size":0,"ocean_menu_typo_font_size_tablet":0,"ocean_menu_typo_font_size_mobile":0,"ocean_menu_typo_font_size_unit":"px","ocean_menu_typo_font_weight":"","ocean_menu_typo_font_weight_tablet":"","ocean_menu_typo_font_weight_mobile":"","ocean_menu_typo_transform":"","ocean_menu_typo_transform_tablet":"","ocean_menu_typo_transform_mobile":"","ocean_menu_typo_line_height":0,"ocean_menu_typo_line_height_tablet":0,"ocean_menu_typo_line_height_mobile":0,"ocean_menu_typo_line_height_unit":"","ocean_menu_typo_spacing":0,"ocean_menu_typo_spacing_tablet":0,"ocean_menu_typo_spacing_mobile":0,"ocean_menu_typo_spacing_unit":"","ocean_menu_link_color":"","ocean_menu_link_color_hover":"","ocean_menu_link_color_active":"","ocean_menu_link_background":"","ocean_menu_link_hover_background":"","ocean_menu_link_active_background":"","ocean_menu_social_links_bg":"","ocean_menu_social_hover_links_bg":"","ocean_menu_social_links_color":"","ocean_menu_social_hover_links_color":"","ocean_disable_title":"default","ocean_disable_heading":"default","ocean_post_title":"","ocean_post_subheading":"","ocean_post_title_style":"","ocean_post_title_background_color":"","ocean_post_title_background":0,"ocean_post_title_bg_image_position":"","ocean_post_title_bg_image_attachment":"","ocean_post_title_bg_image_repeat":"","ocean_post_title_bg_image_size":"","ocean_post_title_height":0,"ocean_post_title_bg_overlay":0.5,"ocean_post_title_bg_overlay_color":"","ocean_disable_breadcrumbs":"default","ocean_breadcrumbs_color":"","ocean_breadcrumbs_separator_color":"","ocean_breadcrumbs_links_color":"","ocean_breadcrumbs_links_hover_color":"","ocean_display_footer_widgets":"default","ocean_display_footer_bottom":"default","ocean_custom_footer_template":"0","footnotes":""},"class_list":["post-241","page","type-page","status-publish","hentry","entry"],"yoast_head":"<!-- This site is optimized with the Yoast SEO plugin v26.0 - https:\/\/yoast.com\/wordpress\/plugins\/seo\/ -->\n<title>Visit Selva - Av\u00eds legal<\/title>\n<meta name=\"description\" content=\"Identificaci\u00f3 i contacte del propietari del lloc web \u00b7 \u00c0mbit d\u2019aplicaci\u00f3 \u00b7 Edat \u00b7 Propietat intel\u00b7lectual o industrial \u00b7 Normes comunes d\u2019\u00fas de la web\" \/>\n<meta name=\"robots\" content=\"index, follow, max-snippet:-1, max-image-preview:large, max-video-preview:-1\" \/>\n<link rel=\"canonical\" href=\"https:\/\/www.visitselva.net\/en\/legal-notice\/\" \/>\n<meta property=\"og:locale\" content=\"en_GB\" \/>\n<meta property=\"og:type\" content=\"article\" \/>\n<meta property=\"og:title\" content=\"Visit Selva - Av\u00eds legal\" \/>\n<meta property=\"og:description\" content=\"Identificaci\u00f3 i contacte del propietari del lloc web \u00b7 \u00c0mbit d\u2019aplicaci\u00f3 \u00b7 Edat \u00b7 Propietat intel\u00b7lectual o industrial \u00b7 Normes comunes d\u2019\u00fas de la web\" \/>\n<meta property=\"og:url\" content=\"https:\/\/www.visitselva.net\/en\/legal-notice\/\" \/>\n<meta property=\"og:site_name\" content=\"Visit Selva\" \/>\n<meta property=\"article:publisher\" content=\"https:\/\/www.facebook.com\/visitselva\/\" \/>\n<meta property=\"article:modified_time\" content=\"2020-05-06T08:56:06+00:00\" \/>\n<meta name=\"twitter:card\" content=\"summary_large_image\" \/>\n<meta name=\"twitter:label1\" content=\"Estimated reading time\" \/>\n\t<meta name=\"twitter:data1\" content=\"5 minutes\" \/>\n<script type=\"application\/ld+json\" class=\"yoast-schema-graph\">{\"@context\":\"https:\/\/schema.org\",\"@graph\":[{\"@type\":\"WebPage\",\"@id\":\"https:\/\/www.visitselva.net\/avis-legal\/\",\"url\":\"https:\/\/www.visitselva.net\/avis-legal\/\",\"name\":\"Visit Selva - Av\u00eds legal\",\"isPartOf\":{\"@id\":\"https:\/\/www.visitselva.net\/#website\"},\"datePublished\":\"2019-10-03T07:14:20+00:00\",\"dateModified\":\"2020-05-06T08:56:06+00:00\",\"description\":\"Identificaci\u00f3 i contacte del propietari del lloc web \u00b7 \u00c0mbit d\u2019aplicaci\u00f3 \u00b7 Edat \u00b7 Propietat intel\u00b7lectual o industrial \u00b7 Normes comunes d\u2019\u00fas de la web\",\"breadcrumb\":{\"@id\":\"https:\/\/www.visitselva.net\/avis-legal\/#breadcrumb\"},\"inLanguage\":\"en-GB\",\"potentialAction\":[{\"@type\":\"ReadAction\",\"target\":[\"https:\/\/www.visitselva.net\/avis-legal\/\"]}]},{\"@type\":\"BreadcrumbList\",\"@id\":\"https:\/\/www.visitselva.net\/avis-legal\/#breadcrumb\",\"itemListElement\":[{\"@type\":\"ListItem\",\"position\":1,\"name\":\"Portada\",\"item\":\"https:\/\/www.visitselva.net\/\"},{\"@type\":\"ListItem\",\"position\":2,\"name\":\"Av\u00eds legal\"}]},{\"@type\":\"WebSite\",\"@id\":\"https:\/\/www.visitselva.net\/#website\",\"url\":\"https:\/\/www.visitselva.net\/\",\"name\":\"Visit Selva\",\"description\":\"Centre d&#039;informaci\u00f3 tur\u00edstica de Selva\",\"publisher\":{\"@id\":\"https:\/\/www.visitselva.net\/#organization\"},\"potentialAction\":[{\"@type\":\"SearchAction\",\"target\":{\"@type\":\"EntryPoint\",\"urlTemplate\":\"https:\/\/www.visitselva.net\/?s={search_term_string}\"},\"query-input\":{\"@type\":\"PropertyValueSpecification\",\"valueRequired\":true,\"valueName\":\"search_term_string\"}}],\"inLanguage\":\"en-GB\"},{\"@type\":\"Organization\",\"@id\":\"https:\/\/www.visitselva.net\/#organization\",\"name\":\"Visit Selva\",\"url\":\"https:\/\/www.visitselva.net\/\",\"logo\":{\"@type\":\"ImageObject\",\"inLanguage\":\"en-GB\",\"@id\":\"https:\/\/www.visitselva.net\/#\/schema\/logo\/image\/\",\"url\":\"https:\/\/www.visitselva.net\/wp-content\/uploads\/2019\/09\/logo-visit-selva.png\",\"contentUrl\":\"https:\/\/www.visitselva.net\/wp-content\/uploads\/2019\/09\/logo-visit-selva.png\",\"width\":416,\"height\":170,\"caption\":\"Visit Selva\"},\"image\":{\"@id\":\"https:\/\/www.visitselva.net\/#\/schema\/logo\/image\/\"},\"sameAs\":[\"https:\/\/www.facebook.com\/visitselva\/\",\"https:\/\/www.instagram.com\/visit_selva\/?hl=es\"]}]}<\/script>\n<!-- \/ Yoast SEO plugin. -->","yoast_head_json":{"title":"Visit Selva - Av\u00eds legal","description":"Identify and contact the website owner \u00b7 Scope of application \u00b7 Age \u00b7 Intellectual or industrial property \u00b7 Common rules for using the website","robots":{"index":"index","follow":"follow","max-snippet":"max-snippet:-1","max-image-preview":"max-image-preview:large","max-video-preview":"max-video-preview:-1"},"canonical":"https:\/\/www.visitselva.net\/en\/legal-notice\/","og_locale":"en_GB","og_type":"article","og_title":"Visit Selva - Av\u00eds legal","og_description":"Identificaci\u00f3 i contacte del propietari del lloc web \u00b7 \u00c0mbit d\u2019aplicaci\u00f3 \u00b7 Edat \u00b7 Propietat intel\u00b7lectual o industrial \u00b7 Normes comunes d\u2019\u00fas de la web","og_url":"https:\/\/www.visitselva.net\/en\/legal-notice\/","og_site_name":"Visit Selva","article_publisher":"https:\/\/www.facebook.com\/visitselva\/","article_modified_time":"2020-05-06T08:56:06+00:00","twitter_card":"summary_large_image","twitter_misc":{"Estimated reading time":"5 minutes"},"schema":{"@context":"https:\/\/schema.org","@graph":[{"@type":"WebPage","@id":"https:\/\/www.visitselva.net\/avis-legal\/","url":"https:\/\/www.visitselva.net\/avis-legal\/","name":"Visit Selva - Av\u00eds legal","isPartOf":{"@id":"https:\/\/www.visitselva.net\/#website"},"datePublished":"2019-10-03T07:14:20+00:00","dateModified":"2020-05-06T08:56:06+00:00","description":"Identify and contact the website owner \u00b7 Scope of application \u00b7 Age \u00b7 Intellectual or industrial property \u00b7 Common rules for using the website","breadcrumb":{"@id":"https:\/\/www.visitselva.net\/avis-legal\/#breadcrumb"},"inLanguage":"en-GB","potentialAction":[{"@type":"ReadAction","target":["https:\/\/www.visitselva.net\/avis-legal\/"]}]},{"@type":"BreadcrumbList","@id":"https:\/\/www.visitselva.net\/avis-legal\/#breadcrumb","itemListElement":[{"@type":"ListItem","position":1,"name":"Portada","item":"https:\/\/www.visitselva.net\/"},{"@type":"ListItem","position":2,"name":"Av\u00eds legal"}]},{"@type":"WebSite","@id":"https:\/\/www.visitselva.net\/#website","url":"https:\/\/www.visitselva.net\/","name":"Visit Selva","description":"Centre d&#039;informaci\u00f3 tur\u00edstica de Selva","publisher":{"@id":"https:\/\/www.visitselva.net\/#organization"},"potentialAction":[{"@type":"SearchAction","target":{"@type":"EntryPoint","urlTemplate":"https:\/\/www.visitselva.net\/?s={search_term_string}"},"query-input":{"@type":"PropertyValueSpecification","valueRequired":true,"valueName":"search_term_string"}}],"inLanguage":"en-GB"},{"@type":"Organization","@id":"https:\/\/www.visitselva.net\/#organization","name":"Visit Selva","url":"https:\/\/www.visitselva.net\/","logo":{"@type":"ImageObject","inLanguage":"en-GB","@id":"https:\/\/www.visitselva.net\/#\/schema\/logo\/image\/","url":"https:\/\/www.visitselva.net\/wp-content\/uploads\/2019\/09\/logo-visit-selva.png","contentUrl":"https:\/\/www.visitselva.net\/wp-content\/uploads\/2019\/09\/logo-visit-selva.png","width":416,"height":170,"caption":"Visit Selva"},"image":{"@id":"https:\/\/www.visitselva.net\/#\/schema\/logo\/image\/"},"sameAs":["https:\/\/www.facebook.com\/visitselva\/","https:\/\/www.instagram.com\/visit_selva\/?hl=es"]}]}},"_links":{"self":[{"href":"https:\/\/www.visitselva.net\/en\/wp-json\/wp\/v2\/pages\/241","targetHints":{"allow":["GET"]}}],"collection":[{"href":"https:\/\/www.visitselva.net\/en\/wp-json\/wp\/v2\/pages"}],"about":[{"href":"https:\/\/www.visitselva.net\/en\/wp-json\/wp\/v2\/types\/page"}],"author":[{"embeddable":true,"href":"https:\/\/www.visitselva.net\/en\/wp-json\/wp\/v2\/users\/1"}],"replies":[{"embeddable":true,"href":"https:\/\/www.visitselva.net\/en\/wp-json\/wp\/v2\/comments?post=241"}],"version-history":[{"count":12,"href":"https:\/\/www.visitselva.net\/en\/wp-json\/wp\/v2\/pages\/241\/revisions"}],"predecessor-version":[{"id":2687,"href":"https:\/\/www.visitselva.net\/en\/wp-json\/wp\/v2\/pages\/241\/revisions\/2687"}],"wp:attachment":[{"href":"https:\/\/www.visitselva.net\/en\/wp-json\/wp\/v2\/media?parent=241"}],"curies":[{"name":"wp","href":"https:\/\/api.w.org\/{rel}","templated":true}]}}