{"id":232,"date":"2019-10-03T06:28:54","date_gmt":"2019-10-03T06:28:54","guid":{"rendered":"https:\/\/www.visitselva.net\/?page_id=232"},"modified":"2020-05-06T11:48:53","modified_gmt":"2020-05-06T11:48:53","slug":"politica-de-cookies","status":"publish","type":"page","link":"https:\/\/www.visitselva.net\/es\/politica-de-cookies\/","title":{"rendered":"Pol\u00edtica de cookies"},"content":{"rendered":"<div data-elementor-type=\"wp-post\" data-elementor-id=\"232\" class=\"elementor elementor-232\" data-elementor-post-type=\"page\">\n\t\t\t\t\t\t<section class=\"elementor-section elementor-top-section elementor-element elementor-element-3340d00 elementor-section-height-min-height elementor-section-boxed elementor-section-height-default elementor-section-items-middle\" data-id=\"3340d00\" data-element_type=\"section\" data-settings=\"{&quot;background_background&quot;:&quot;classic&quot;}\">\n\t\t\t\t\t\t<div class=\"elementor-container elementor-column-gap-default\">\n\t\t\t\t\t<div class=\"elementor-column elementor-col-100 elementor-top-column elementor-element elementor-element-b12df85\" data-id=\"b12df85\" data-element_type=\"column\">\n\t\t\t<div class=\"elementor-widget-wrap elementor-element-populated\">\n\t\t\t\t\t\t<div class=\"elementor-element elementor-element-8028c5b elementor-widget elementor-widget-heading\" data-id=\"8028c5b\" data-element_type=\"widget\" data-widget_type=\"heading.default\">\n\t\t\t\t<div class=\"elementor-widget-container\">\n\t\t\t\t\t<h1 class=\"elementor-heading-title elementor-size-default\">Pol\u00edtica de cookies<\/h1>\t\t\t\t<\/div>\n\t\t\t\t<\/div>\n\t\t\t\t\t<\/div>\n\t\t<\/div>\n\t\t\t\t\t<\/div>\n\t\t<\/section>\n\t\t\t\t<section class=\"elementor-section elementor-top-section elementor-element elementor-element-c5d4aa4 elementor-section-boxed elementor-section-height-default elementor-section-height-default\" data-id=\"c5d4aa4\" data-element_type=\"section\" data-settings=\"{&quot;background_background&quot;:&quot;classic&quot;}\">\n\t\t\t\t\t\t<div class=\"elementor-container elementor-column-gap-default\">\n\t\t\t\t\t<div class=\"elementor-column elementor-col-100 elementor-top-column elementor-element elementor-element-401d2d4\" data-id=\"401d2d4\" data-element_type=\"column\">\n\t\t\t<div class=\"elementor-widget-wrap elementor-element-populated\">\n\t\t\t\t\t\t<div class=\"elementor-element elementor-element-941e75a elementor-widget elementor-widget-spacer\" data-id=\"941e75a\" data-element_type=\"widget\" data-widget_type=\"spacer.default\">\n\t\t\t\t<div class=\"elementor-widget-container\">\n\t\t\t\t\t\t\t<div class=\"elementor-spacer\">\n\t\t\t<div class=\"elementor-spacer-inner\"><\/div>\n\t\t<\/div>\n\t\t\t\t\t\t<\/div>\n\t\t\t\t<\/div>\n\t\t\t\t<div class=\"elementor-element elementor-element-ddf5508 elementor-widget elementor-widget-heading\" data-id=\"ddf5508\" data-element_type=\"widget\" data-widget_type=\"heading.default\">\n\t\t\t\t<div class=\"elementor-widget-container\">\n\t\t\t\t\t<h3 class=\"elementor-heading-title elementor-size-default\">Pol\u00edtica de cookies y almacenamiento local<\/h3>\t\t\t\t<\/div>\n\t\t\t\t<\/div>\n\t\t\t\t<div class=\"elementor-element elementor-element-bbb2b7e elementor-widget elementor-widget-text-editor\" data-id=\"bbb2b7e\" data-element_type=\"widget\" data-widget_type=\"text-editor.default\">\n\t\t\t\t<div class=\"elementor-widget-container\">\n\t\t\t\t\t\t\t\t\t<p>Seg\u00fan la Ley 34\/2002, de 11 de julio, de Servicios de la Sociedad de la Informaci\u00f3n y Comercio Electr\u00f3nico, lo informamos que este sitio web utiliza cookies para mejorar y optimizar la experiencia del usuario. A continuaci\u00f3n encontrar\u00e9is informaci\u00f3n detallada sobre qu\u00e9 son las \u201ccookies\u201d, qu\u00e9 tipolog\u00eda utiliza este sitio web, como cambiar la configuraci\u00f3n de sus cookies, y que pasa si las deshabilitan.<\/p>\t\t\t\t\t\t\t\t<\/div>\n\t\t\t\t<\/div>\n\t\t\t\t<div class=\"elementor-element elementor-element-0834224 elementor-widget elementor-widget-heading\" data-id=\"0834224\" data-element_type=\"widget\" data-widget_type=\"heading.default\">\n\t\t\t\t<div class=\"elementor-widget-container\">\n\t\t\t\t\t<h3 class=\"elementor-heading-title elementor-size-default\">\u00bfQu\u00e9 son las galletas (cookies) y para que las usamos?<\/h3>\t\t\t\t<\/div>\n\t\t\t\t<\/div>\n\t\t\t\t<div class=\"elementor-element elementor-element-620ea9a elementor-widget elementor-widget-text-editor\" data-id=\"620ea9a\" data-element_type=\"widget\" data-widget_type=\"text-editor.default\">\n\t\t\t\t<div class=\"elementor-widget-container\">\n\t\t\t\t\t\t\t\t\t<p>Una cookie o galleta inform\u00e1tica es un peque\u00f1o archivo de informaci\u00f3n que se guarda en el navegador cada vez que visit\u00e1is nuestro sitio web.<br \/>La utilidad de las cookies es guardar el historial de vuestra actividad a nuestro sitio web de forma que, cuando lo vuelva a visitar, os pueda identificar y configurar el contenido en base a vuestros h\u00e1bitos de navegaci\u00f3n y preferencias.<br \/>Una cookie es inofensiva y no contiene c\u00f3digo malicioso o malintencionado (por ejemplo: virus, troyanos, gusanos, etc.) que pueda echar a perder vuestro terminal (ordenador, smartphone, tableta, etc.), pero que implica un cierto impacto sobre vuestro derecho a la protecci\u00f3n de datos porque recoge informaci\u00f3n sobre vos (h\u00e1bitos de navegaci\u00f3n, identidad, preferencias, etc.).<\/p>\t\t\t\t\t\t\t\t<\/div>\n\t\t\t\t<\/div>\n\t\t\t\t<div class=\"elementor-element elementor-element-e4a1552 elementor-widget elementor-widget-heading\" data-id=\"e4a1552\" data-element_type=\"widget\" data-widget_type=\"heading.default\">\n\t\t\t\t<div class=\"elementor-widget-container\">\n\t\t\t\t\t<h3 class=\"elementor-heading-title elementor-size-default\">\u00bfQu\u00e9 informaci\u00f3n guarda una cookie?<\/h3>\t\t\t\t<\/div>\n\t\t\t\t<\/div>\n\t\t\t\t<div class=\"elementor-element elementor-element-40808e6 elementor-widget elementor-widget-text-editor\" data-id=\"40808e6\" data-element_type=\"widget\" data-widget_type=\"text-editor.default\">\n\t\t\t\t<div class=\"elementor-widget-container\">\n\t\t\t\t\t\t\t\t\t<p>Las cookies no suelen recoger categor\u00edas especiales de datos personales (datos sensibles). Los datos que guardan son de car\u00e1cter t\u00e9cnico, preferencias personales, personalizaci\u00f3n de contenidos, etc.<\/p>\t\t\t\t\t\t\t\t<\/div>\n\t\t\t\t<\/div>\n\t\t\t\t<div class=\"elementor-element elementor-element-56e5261 elementor-widget elementor-widget-heading\" data-id=\"56e5261\" data-element_type=\"widget\" data-widget_type=\"heading.default\">\n\t\t\t\t<div class=\"elementor-widget-container\">\n\t\t\t\t\t<h3 class=\"elementor-heading-title elementor-size-default\">\u00bfCu\u00e1ntos de tipos de cookies existen?<\/h3>\t\t\t\t<\/div>\n\t\t\t\t<\/div>\n\t\t\t\t<div class=\"elementor-element elementor-element-d94a91a elementor-widget elementor-widget-text-editor\" data-id=\"d94a91a\" data-element_type=\"widget\" data-widget_type=\"text-editor.default\">\n\t\t\t\t<div class=\"elementor-widget-container\">\n\t\t\t\t\t\t\t\t\t<p>A todos los efectos, hay cinco tipos de cookies:<\/p><ul><li><strong>Cookies t\u00e9cnicas<\/strong><br \/>Son las m\u00e1s b\u00e1sicas. Permiten que el usuario navegue por una p\u00e1gina web, plataforma o aplicaci\u00f3n y use las opciones o servicios que ofrece. Por ejemplo: controlar el tr\u00e1fico y la comunicaci\u00f3n de datos, identificar la sesi\u00f3n, acceder a partes de acceso restringido, recordar los elementos que integran un pedido, realizar el proceso de compra de un pedido, realizar la solicitud de inscripci\u00f3n o participaci\u00f3n en un acontecimiento, usar elementos de seguridad durante la navegaci\u00f3n, almacenar contenidos para la difusi\u00f3n de videos o archivos sonoros o compartir contenidos a trav\u00e9s de redes sociales.<\/li><li><strong>Cookies de personalizaci\u00f3n<\/strong><br \/>Son las que permiten que el usuario acceda al servicio con algunas caracter\u00edsticas de car\u00e1cter general, predefinidas en funci\u00f3n de una serie de criterios en el terminal del usuario, como por ejemplo el idioma, el tipo de navegador mediante el cual se accede al servicio, la configuraci\u00f3n regional desde donde se accede, etc.<\/li><li><strong>Cookies de an\u00e1lisis<br \/><\/strong>Son las que permiten al responsable de las cookies el seguimiento y an\u00e1lisis del comportamiento de los usuarios de los sitios web a las cuales est\u00e1n vinculadas. La informaci\u00f3n recogida mediante este tipo de galletas se usa en la medici\u00f3n de la actividad de los sitios web, aplicaci\u00f3n o plataforma y para la elaboraci\u00f3n de perfiles de navegaci\u00f3n de los usuarios, con el fin de introducir mejoras en funci\u00f3n del an\u00e1lisis de los datos de uso de los usuarios.<\/li><li><strong>Cookies publicitarias<br \/><\/strong>Son las que permiten la gesti\u00f3n, de la manera m\u00e1s eficaz posible, de los espacios publicitarios que, intencionadamente, el responsable ha incluido en una p\u00e1gina web, aplicaci\u00f3n o plataforma en base a criterios como por ejemplo el contenido editado o la frecuencia como se muestran los anuncios.<\/li><li><strong>Cookies de publicidad comportamental<br \/><\/strong>Son las que permiten la gesti\u00f3n, de la manera m\u00e1s eficaz posible, de los espacios publicitarios que, intencionadamente, el responsable ha incluido en un sitio web, aplicaci\u00f3n o plataforma. Estas galletas almacenan informaci\u00f3n sobre el comportamiento de los usuarios mediante la observaci\u00f3n continuada de los h\u00e1bitos de navegaci\u00f3n, hecho que permite desarrollar un perfil espec\u00edfico en la hora de mostrar la publicidad.<\/li><\/ul>\t\t\t\t\t\t\t\t<\/div>\n\t\t\t\t<\/div>\n\t\t\t\t<div class=\"elementor-element elementor-element-8d502f7 elementor-widget elementor-widget-heading\" data-id=\"8d502f7\" data-element_type=\"widget\" data-widget_type=\"heading.default\">\n\t\t\t\t<div class=\"elementor-widget-container\">\n\t\t\t\t\t<h3 class=\"elementor-heading-title elementor-size-default\">\u00bfQu\u00e9 son las cookies propias y las de terceros?<\/h3>\t\t\t\t<\/div>\n\t\t\t\t<\/div>\n\t\t\t\t<div class=\"elementor-element elementor-element-b885aec elementor-widget elementor-widget-text-editor\" data-id=\"b885aec\" data-element_type=\"widget\" data-widget_type=\"text-editor.default\">\n\t\t\t\t<div class=\"elementor-widget-container\">\n\t\t\t\t\t\t\t\t\t<ul><li><strong>Cookies propias:<\/strong> son aquellas que se env\u00edan al equipo terminal del interesado desde un equipo o dominio gestionado por el propio editor y desde el que se presta el servicio solicitado por el usuario.<\/li><li><strong>Cookies de terceros:<\/strong> son aquellas que se env\u00edan al equipo terminal del usuario desde un equipo o dominio que no es gestionado por el editor, sino por otra entidad que trata los datos obtenidos mediante las cookies (servicios o proveedores externos, como por ejemplo Google).<\/li><\/ul><p align=\"justify\">El sitio web utiliza tanto cookies propias como de terceros.<\/p>\t\t\t\t\t\t\t\t<\/div>\n\t\t\t\t<\/div>\n\t\t\t\t<div class=\"elementor-element elementor-element-a383c69 elementor-widget elementor-widget-heading\" data-id=\"a383c69\" data-element_type=\"widget\" data-widget_type=\"heading.default\">\n\t\t\t\t<div class=\"elementor-widget-container\">\n\t\t\t\t\t<h3 class=\"elementor-heading-title elementor-size-default\">\u00bfQu\u00e9 tipo de cookies guarda nuestro sitio web?<\/h3>\t\t\t\t<\/div>\n\t\t\t\t<\/div>\n\t\t\t\t<div class=\"elementor-element elementor-element-0dc25ee elementor-widget elementor-widget-text-editor\" data-id=\"0dc25ee\" data-element_type=\"widget\" data-widget_type=\"text-editor.default\">\n\t\t\t\t<div class=\"elementor-widget-container\">\n\t\t\t\t\t\t\t\t\t<p>Nuestra web utiliza las siguientes cookies:<\/p><p><strong>Cookies t\u00e9cnicas<br \/><\/strong><strong>Cookies de personalizaci\u00f3n<\/strong><br \/><strong>Cookies de an\u00e1lisis<br \/><\/strong><\/p>\t\t\t\t\t\t\t\t<\/div>\n\t\t\t\t<\/div>\n\t\t\t\t<div class=\"elementor-element elementor-element-5b620cc elementor-widget elementor-widget-heading\" data-id=\"5b620cc\" data-element_type=\"widget\" data-widget_type=\"heading.default\">\n\t\t\t\t<div class=\"elementor-widget-container\">\n\t\t\t\t\t<h3 class=\"elementor-heading-title elementor-size-default\">\u00bfQu\u00e9 puedo hacer con las cookies?<\/h3>\t\t\t\t<\/div>\n\t\t\t\t<\/div>\n\t\t\t\t<div class=\"elementor-element elementor-element-19eec47 elementor-widget elementor-widget-text-editor\" data-id=\"19eec47\" data-element_type=\"widget\" data-widget_type=\"text-editor.default\">\n\t\t\t\t<div class=\"elementor-widget-container\">\n\t\t\t\t\t\t\t\t\t<p>Las cookies se pueder borrar, aceptar o bloquear, segun se des\u00e9e.<br \/>Si lo dese\u00e1is, pod\u00e9is borrar, aceptar o bloquear las cookies. Solo es necesario configurar convenientemente el navegador web.<br \/>En cualquier momento pod\u00e9is impedir la instalaci\u00f3n de cookies (bloquearlas) en vuestro equipo mediante la opci\u00f3n correspondiente del navegador. En este caso, pero, no os podemos asegurar que las diferentes funcionalidades de nuestro sitio web funcionen correctamente.<\/p><p>A continuaci\u00f3n, os facilitamos los enlaces para gestionar y bloquear las cookies seg\u00fan el navegador que us\u00e9is:<br \/><strong>Internet Explorer: <\/strong><a href=\"http:\/\/windows.microsoft.com\/es-xl\/internet-explorer\/delete-manage-cookies#ie=ie-10\" target=\"_blank\" rel=\"noopener\">http:\/\/windows.microsoft.com\/es-xl\/internet-explorer\/delete-manage-cookies#ie=ie-10<\/a><br \/><strong>FireFox: <\/strong><a href=\"http:\/\/support.mozilla.org\/es\/kb\/habilitar-y-deshabilitar-cookies-que-los-sitios-we\" target=\"_blank\" rel=\"noopener\">http:\/\/support.mozilla.org\/es\/kb\/habilitar-y-deshabilitar-cookies-que-los-sitios-we<\/a><br \/><strong>Chrome: <\/strong><a href=\"https:\/\/support.google.com\/chrome\/answer\/95647?hl=es\" target=\"_blank\" rel=\"noopener\">https:\/\/support.google.com\/chrome\/answer\/95647?hl=es<\/a><br \/><strong>Safari: <\/strong><a href=\"https:\/\/support.apple.com\/es-es\/guide\/safari\/sfri11471\/mac\" target=\"_blank\" rel=\"noopener\">https:\/\/support.apple.com\/es-es\/guide\/safari\/sfri11471\/mac<\/a><\/p>\t\t\t\t\t\t\t\t<\/div>\n\t\t\t\t<\/div>\n\t\t\t\t<div class=\"elementor-element elementor-element-4726520 elementor-widget elementor-widget-spacer\" data-id=\"4726520\" data-element_type=\"widget\" data-widget_type=\"spacer.default\">\n\t\t\t\t<div class=\"elementor-widget-container\">\n\t\t\t\t\t\t\t<div class=\"elementor-spacer\">\n\t\t\t<div class=\"elementor-spacer-inner\"><\/div>\n\t\t<\/div>\n\t\t\t\t\t\t<\/div>\n\t\t\t\t<\/div>\n\t\t\t\t\t<\/div>\n\t\t<\/div>\n\t\t\t\t\t<\/div>\n\t\t<\/section>\n\t\t\t\t<\/div>","protected":false},"excerpt":{"rendered":"<p>Pol\u00edtica de cookies Pol\u00edtica de cookies i emmagatzematge local Segons la Llei 34\/2002, d&#8217;11 de juliol, de Serveis de la Societat de la Informaci\u00f3 i Comer\u00e7 Electr\u00f2nic, l\u2019informem que aquest lloc web utilitza cookies per millorar i optimitzar l\u2019experi\u00e8ncia de l\u2019usuari. A continuaci\u00f3 trobareu informaci\u00f3 detallada sobre qu\u00e8 s\u00f3n les \u201ccookies\u201d, quina tipologia utilitza aquest [&hellip;]<\/p>","protected":false},"author":1,"featured_media":0,"parent":0,"menu_order":0,"comment_status":"closed","ping_status":"closed","template":"","meta":{"ocean_post_layout":"full-screen","ocean_both_sidebars_style":"","ocean_both_sidebars_content_width":0,"ocean_both_sidebars_sidebars_width":0,"ocean_sidebar":"0","ocean_second_sidebar":"0","ocean_disable_margins":"enable","ocean_add_body_class":"","ocean_shortcode_before_top_bar":"","ocean_shortcode_after_top_bar":"","ocean_shortcode_before_header":"","ocean_shortcode_after_header":"","ocean_has_shortcode":"","ocean_shortcode_after_title":"","ocean_shortcode_before_footer_widgets":"","ocean_shortcode_after_footer_widgets":"","ocean_shortcode_before_footer_bottom":"","ocean_shortcode_after_footer_bottom":"","ocean_display_top_bar":"default","ocean_display_header":"default","ocean_header_style":"","ocean_center_header_left_menu":"0","ocean_custom_header_template":"0","ocean_custom_logo":0,"ocean_custom_retina_logo":0,"ocean_custom_logo_max_width":0,"ocean_custom_logo_tablet_max_width":0,"ocean_custom_logo_mobile_max_width":0,"ocean_custom_logo_max_height":0,"ocean_custom_logo_tablet_max_height":0,"ocean_custom_logo_mobile_max_height":0,"ocean_header_custom_menu":"0","ocean_menu_typo_font_family":"0","ocean_menu_typo_font_subset":"","ocean_menu_typo_font_size":0,"ocean_menu_typo_font_size_tablet":0,"ocean_menu_typo_font_size_mobile":0,"ocean_menu_typo_font_size_unit":"px","ocean_menu_typo_font_weight":"","ocean_menu_typo_font_weight_tablet":"","ocean_menu_typo_font_weight_mobile":"","ocean_menu_typo_transform":"","ocean_menu_typo_transform_tablet":"","ocean_menu_typo_transform_mobile":"","ocean_menu_typo_line_height":0,"ocean_menu_typo_line_height_tablet":0,"ocean_menu_typo_line_height_mobile":0,"ocean_menu_typo_line_height_unit":"","ocean_menu_typo_spacing":0,"ocean_menu_typo_spacing_tablet":0,"ocean_menu_typo_spacing_mobile":0,"ocean_menu_typo_spacing_unit":"","ocean_menu_link_color":"","ocean_menu_link_color_hover":"","ocean_menu_link_color_active":"","ocean_menu_link_background":"","ocean_menu_link_hover_background":"","ocean_menu_link_active_background":"","ocean_menu_social_links_bg":"","ocean_menu_social_hover_links_bg":"","ocean_menu_social_links_color":"","ocean_menu_social_hover_links_color":"","ocean_disable_title":"default","ocean_disable_heading":"default","ocean_post_title":"","ocean_post_subheading":"","ocean_post_title_style":"","ocean_post_title_background_color":"","ocean_post_title_background":0,"ocean_post_title_bg_image_position":"","ocean_post_title_bg_image_attachment":"","ocean_post_title_bg_image_repeat":"","ocean_post_title_bg_image_size":"","ocean_post_title_height":0,"ocean_post_title_bg_overlay":0.5,"ocean_post_title_bg_overlay_color":"","ocean_disable_breadcrumbs":"default","ocean_breadcrumbs_color":"","ocean_breadcrumbs_separator_color":"","ocean_breadcrumbs_links_color":"","ocean_breadcrumbs_links_hover_color":"","ocean_display_footer_widgets":"default","ocean_display_footer_bottom":"default","ocean_custom_footer_template":"0","footnotes":""},"class_list":["post-232","page","type-page","status-publish","hentry","entry"],"yoast_head":"<!-- This site is optimized with the Yoast SEO plugin v26.0 - https:\/\/yoast.com\/wordpress\/plugins\/seo\/ -->\n<title>Visit Selva - Pol\u00edtica de cookies<\/title>\n<meta name=\"description\" content=\"Qu\u00e8 s\u00f3n les galetes (cookies) i per a qu\u00e8 les usam? \u00b7 Quina informaci\u00f3 guarda una galeta? \u00b7 Quants de tipus de cookies existeixen? \u00b7 Qu\u00e8 puc fer amb les\" \/>\n<meta name=\"robots\" content=\"index, follow, max-snippet:-1, max-image-preview:large, max-video-preview:-1\" \/>\n<link rel=\"canonical\" href=\"https:\/\/www.visitselva.net\/es\/politica-de-cookies\/\" \/>\n<meta property=\"og:locale\" content=\"es_ES\" \/>\n<meta property=\"og:type\" content=\"article\" \/>\n<meta property=\"og:title\" content=\"Visit Selva - Pol\u00edtica de cookies\" \/>\n<meta property=\"og:description\" content=\"Qu\u00e8 s\u00f3n les galetes (cookies) i per a qu\u00e8 les usam? \u00b7 Quina informaci\u00f3 guarda una galeta? \u00b7 Quants de tipus de cookies existeixen? \u00b7 Qu\u00e8 puc fer amb les\" \/>\n<meta property=\"og:url\" content=\"https:\/\/www.visitselva.net\/es\/politica-de-cookies\/\" \/>\n<meta property=\"og:site_name\" content=\"Visit Selva\" \/>\n<meta property=\"article:publisher\" content=\"https:\/\/www.facebook.com\/visitselva\/\" \/>\n<meta property=\"article:modified_time\" content=\"2020-05-06T11:48:53+00:00\" \/>\n<meta name=\"twitter:card\" content=\"summary_large_image\" \/>\n<meta name=\"twitter:label1\" content=\"Tiempo de lectura\" \/>\n\t<meta name=\"twitter:data1\" content=\"5 minutos\" \/>\n<script type=\"application\/ld+json\" class=\"yoast-schema-graph\">{\"@context\":\"https:\/\/schema.org\",\"@graph\":[{\"@type\":\"WebPage\",\"@id\":\"https:\/\/www.visitselva.net\/politica-de-cookies\/\",\"url\":\"https:\/\/www.visitselva.net\/politica-de-cookies\/\",\"name\":\"Visit Selva - Pol\u00edtica de cookies\",\"isPartOf\":{\"@id\":\"https:\/\/www.visitselva.net\/#website\"},\"datePublished\":\"2019-10-03T06:28:54+00:00\",\"dateModified\":\"2020-05-06T11:48:53+00:00\",\"description\":\"Qu\u00e8 s\u00f3n les galetes (cookies) i per a qu\u00e8 les usam? \u00b7 Quina informaci\u00f3 guarda una galeta? \u00b7 Quants de tipus de cookies existeixen? \u00b7 Qu\u00e8 puc fer amb les\",\"breadcrumb\":{\"@id\":\"https:\/\/www.visitselva.net\/politica-de-cookies\/#breadcrumb\"},\"inLanguage\":\"es\",\"potentialAction\":[{\"@type\":\"ReadAction\",\"target\":[\"https:\/\/www.visitselva.net\/politica-de-cookies\/\"]}]},{\"@type\":\"BreadcrumbList\",\"@id\":\"https:\/\/www.visitselva.net\/politica-de-cookies\/#breadcrumb\",\"itemListElement\":[{\"@type\":\"ListItem\",\"position\":1,\"name\":\"Portada\",\"item\":\"https:\/\/www.visitselva.net\/\"},{\"@type\":\"ListItem\",\"position\":2,\"name\":\"Pol\u00edtica de cookies\"}]},{\"@type\":\"WebSite\",\"@id\":\"https:\/\/www.visitselva.net\/#website\",\"url\":\"https:\/\/www.visitselva.net\/\",\"name\":\"Visit Selva\",\"description\":\"Centre d&#039;informaci\u00f3 tur\u00edstica de Selva\",\"publisher\":{\"@id\":\"https:\/\/www.visitselva.net\/#organization\"},\"potentialAction\":[{\"@type\":\"SearchAction\",\"target\":{\"@type\":\"EntryPoint\",\"urlTemplate\":\"https:\/\/www.visitselva.net\/?s={search_term_string}\"},\"query-input\":{\"@type\":\"PropertyValueSpecification\",\"valueRequired\":true,\"valueName\":\"search_term_string\"}}],\"inLanguage\":\"es\"},{\"@type\":\"Organization\",\"@id\":\"https:\/\/www.visitselva.net\/#organization\",\"name\":\"Visit Selva\",\"url\":\"https:\/\/www.visitselva.net\/\",\"logo\":{\"@type\":\"ImageObject\",\"inLanguage\":\"es\",\"@id\":\"https:\/\/www.visitselva.net\/#\/schema\/logo\/image\/\",\"url\":\"https:\/\/www.visitselva.net\/wp-content\/uploads\/2019\/09\/logo-visit-selva.png\",\"contentUrl\":\"https:\/\/www.visitselva.net\/wp-content\/uploads\/2019\/09\/logo-visit-selva.png\",\"width\":416,\"height\":170,\"caption\":\"Visit Selva\"},\"image\":{\"@id\":\"https:\/\/www.visitselva.net\/#\/schema\/logo\/image\/\"},\"sameAs\":[\"https:\/\/www.facebook.com\/visitselva\/\",\"https:\/\/www.instagram.com\/visit_selva\/?hl=es\"]}]}<\/script>\n<!-- \/ Yoast SEO plugin. -->","yoast_head_json":{"title":"Visit Selva - Pol\u00edtica de cookies","description":"\u00bfQu\u00e9 son las galletas (cookies) y para qu\u00e9 las usamos? \u00b7 \u00bfQu\u00e9 informaci\u00f3n guarda una cookie? \u00b7 \u00bfCu\u00e1ntos de tipo de cookies existen? \u00b7 \u00bfQu\u00e9 puedo hacer con las","robots":{"index":"index","follow":"follow","max-snippet":"max-snippet:-1","max-image-preview":"max-image-preview:large","max-video-preview":"max-video-preview:-1"},"canonical":"https:\/\/www.visitselva.net\/es\/politica-de-cookies\/","og_locale":"es_ES","og_type":"article","og_title":"Visit Selva - Pol\u00edtica de cookies","og_description":"Qu\u00e8 s\u00f3n les galetes (cookies) i per a qu\u00e8 les usam? \u00b7 Quina informaci\u00f3 guarda una galeta? \u00b7 Quants de tipus de cookies existeixen? \u00b7 Qu\u00e8 puc fer amb les","og_url":"https:\/\/www.visitselva.net\/es\/politica-de-cookies\/","og_site_name":"Visit Selva","article_publisher":"https:\/\/www.facebook.com\/visitselva\/","article_modified_time":"2020-05-06T11:48:53+00:00","twitter_card":"summary_large_image","twitter_misc":{"Tiempo de lectura":"5 minutos"},"schema":{"@context":"https:\/\/schema.org","@graph":[{"@type":"WebPage","@id":"https:\/\/www.visitselva.net\/politica-de-cookies\/","url":"https:\/\/www.visitselva.net\/politica-de-cookies\/","name":"Visit Selva - Pol\u00edtica de cookies","isPartOf":{"@id":"https:\/\/www.visitselva.net\/#website"},"datePublished":"2019-10-03T06:28:54+00:00","dateModified":"2020-05-06T11:48:53+00:00","description":"\u00bfQu\u00e9 son las galletas (cookies) y para qu\u00e9 las usamos? \u00b7 \u00bfQu\u00e9 informaci\u00f3n guarda una cookie? \u00b7 \u00bfCu\u00e1ntos de tipo de cookies existen? \u00b7 \u00bfQu\u00e9 puedo hacer con las","breadcrumb":{"@id":"https:\/\/www.visitselva.net\/politica-de-cookies\/#breadcrumb"},"inLanguage":"es","potentialAction":[{"@type":"ReadAction","target":["https:\/\/www.visitselva.net\/politica-de-cookies\/"]}]},{"@type":"BreadcrumbList","@id":"https:\/\/www.visitselva.net\/politica-de-cookies\/#breadcrumb","itemListElement":[{"@type":"ListItem","position":1,"name":"Portada","item":"https:\/\/www.visitselva.net\/"},{"@type":"ListItem","position":2,"name":"Pol\u00edtica de cookies"}]},{"@type":"WebSite","@id":"https:\/\/www.visitselva.net\/#website","url":"https:\/\/www.visitselva.net\/","name":"Visit Selva","description":"Centre d&#039;informaci\u00f3 tur\u00edstica de Selva","publisher":{"@id":"https:\/\/www.visitselva.net\/#organization"},"potentialAction":[{"@type":"SearchAction","target":{"@type":"EntryPoint","urlTemplate":"https:\/\/www.visitselva.net\/?s={search_term_string}"},"query-input":{"@type":"PropertyValueSpecification","valueRequired":true,"valueName":"search_term_string"}}],"inLanguage":"es"},{"@type":"Organization","@id":"https:\/\/www.visitselva.net\/#organization","name":"Visit Selva","url":"https:\/\/www.visitselva.net\/","logo":{"@type":"ImageObject","inLanguage":"es","@id":"https:\/\/www.visitselva.net\/#\/schema\/logo\/image\/","url":"https:\/\/www.visitselva.net\/wp-content\/uploads\/2019\/09\/logo-visit-selva.png","contentUrl":"https:\/\/www.visitselva.net\/wp-content\/uploads\/2019\/09\/logo-visit-selva.png","width":416,"height":170,"caption":"Visit Selva"},"image":{"@id":"https:\/\/www.visitselva.net\/#\/schema\/logo\/image\/"},"sameAs":["https:\/\/www.facebook.com\/visitselva\/","https:\/\/www.instagram.com\/visit_selva\/?hl=es"]}]}},"_links":{"self":[{"href":"https:\/\/www.visitselva.net\/es\/wp-json\/wp\/v2\/pages\/232","targetHints":{"allow":["GET"]}}],"collection":[{"href":"https:\/\/www.visitselva.net\/es\/wp-json\/wp\/v2\/pages"}],"about":[{"href":"https:\/\/www.visitselva.net\/es\/wp-json\/wp\/v2\/types\/page"}],"author":[{"embeddable":true,"href":"https:\/\/www.visitselva.net\/es\/wp-json\/wp\/v2\/users\/1"}],"replies":[{"embeddable":true,"href":"https:\/\/www.visitselva.net\/es\/wp-json\/wp\/v2\/comments?post=232"}],"version-history":[{"count":10,"href":"https:\/\/www.visitselva.net\/es\/wp-json\/wp\/v2\/pages\/232\/revisions"}],"predecessor-version":[{"id":2688,"href":"https:\/\/www.visitselva.net\/es\/wp-json\/wp\/v2\/pages\/232\/revisions\/2688"}],"wp:attachment":[{"href":"https:\/\/www.visitselva.net\/es\/wp-json\/wp\/v2\/media?parent=232"}],"curies":[{"name":"wp","href":"https:\/\/api.w.org\/{rel}","templated":true}]}}